{"id":4204,"date":"2024-07-16T14:51:08","date_gmt":"2024-07-16T12:51:08","guid":{"rendered":"https:\/\/wordpress-famicord-ch.empressia.dev\/e-book"},"modified":"2024-10-31T16:43:02","modified_gmt":"2024-10-31T15:43:02","slug":"e-book","status":"publish","type":"page","link":"https:\/\/famicord.lu\/fr\/e-book","title":{"rendered":"E-book"},"content":{"rendered":"\n<section class=\"hero flex flex-col justify-center bg-center bg-cover bg-no-repeat py-32 lg:py-48 mb-72 xl:mb-120 relative min-h-[20.5rem] xl:min-h-[26rem]\" style=\"background-image: url(https:\/\/famicord.lu\/wp-content\/uploads\/2024\/07\/default-hero-bg.webp)\">\n\t<div class=\"container items-center\">\n\t\t<h1 class=\"text-center text-blue max-w-[90%] md:max-w-[60%] lg:max-w-[80%] xxl:max-w-1200 mx-auto\">\n\t\t\t\n\t\t\t\n\t\t\t\t\t\t\t<span class=\"font-extralight break-words\">E-book<\/span>\n\t\t\t\t\t<\/h1>\n\t<\/div>\n\n\t<div class=\"absolute left-[-14rem] bottom-[-10.8rem] md:bottom-[-15.8rem] xl:bottom-[-20.3rem]\">\n\t\t<svg width=\"500\" height=\"500\" viewbox=\"0 0 500 500\" fill=\"none\" xmlns=\"http:\/\/www.w3.org\/2000\/svg\" class=\"size-180 md:size-260 xl:size-340\">\n\t\t\t<mask id=\"mask0_1511_27028\" style=\"mask-type:alpha\" maskunits=\"userSpaceOnUse\" x=\"0\" y=\"0\" width=\"500\" height=\"200\">\n\t\t\t\t<rect width=\"500\" height=\"200\" transform=\"matrix(-1 0 0 1 500 0)\" fill=\"#D9D9D9\"\/>\n\t\t\t<\/mask>\n\t\t\t<g mask=\"url(#mask0_1511_27028)\">\n\t\t\t\t<path d=\"M214.686 463.894C166.261 512.319 87.156 511.726 38.731 463.301C-9.69398 414.876 -10.2866 335.771 38.1384 287.346L287.04 38.4443C335.465 -9.98075 414.57 -9.3881 462.995 39.0369C511.42 87.4619 512.013 166.567 463.588 214.992L214.686 463.894Z\" fill=\"#FE6F20\"\/>\n\t\t\t<\/g>\n\t\t\t<path d=\"M214.404 462.612C166.377 510.639 87.7903 509.946 39.7484 461.905C-8.29344 413.863 -8.98578 335.276 39.0413 287.249L287.943 38.3476C335.97 -9.67956 414.556 -8.98719 462.598 39.0547C510.64 87.0966 511.333 165.683 463.305 213.71L214.404 462.612Z\" stroke=\"#FE6F20\" stroke-width=\"2\"\/>\n\t\t<\/svg>\n\t<\/div>\n\n\t<div class=\"absolute right-[-10rem] bottom-[-7.2rem] md:bottom-[-10.4rem] xl:bottom-[-13.6rem]\">\n\t\t<svg width=\"500\" height=\"500\" viewbox=\"0 0 500 500\" fill=\"none\" xmlns=\"http:\/\/www.w3.org\/2000\/svg\" class=\"size-180 md:size-260 xl:size-340\">\n\t\t\t<mask id=\"mask0_1511_27023\" style=\"mask-type:alpha\" maskunits=\"userSpaceOnUse\" x=\"0\" y=\"0\" width=\"500\" height=\"300\">\n\t\t\t\t<rect width=\"500\" height=\"300\" fill=\"#D9D9D9\"\/>\n\t\t\t<\/mask>\n\t\t\t<g mask=\"url(#mask0_1511_27023)\">\n\t\t\t\t<path d=\"M285.622 36.4146C334.047 -12.0104 413.069 -11.5011 461.494 36.9239C509.919 85.349 510.429 164.371 462.004 212.796L213.102 461.697C164.677 510.122 85.6552 509.613 37.2302 461.188C-11.1948 412.763 -11.7041 333.741 36.7209 285.316L285.622 36.4146Z\" fill=\"#1560DA\"\/>\n\t\t\t<\/g>\n\t\t\t<path d=\"M285.596 37.3883C333.623 -10.6388 412.21 -9.94644 460.252 38.0955C508.293 86.1373 508.986 164.724 460.959 212.751L212.057 461.652C164.03 509.68 85.4436 508.987 37.4017 460.945C-10.6402 412.903 -11.3325 334.317 36.6946 286.29L285.596 37.3883Z\" stroke=\"#1560DA\" stroke-width=\"2\"\/>\n\t\t<\/svg>\n\t<\/div>\n<\/section>\n\n\n<section class=\"section-with-heading-and-text section-margin section-margin--small\">\n\t<div class=\"container\">\n\n\t\t\t\t\t\n\t\t\t\n    <h2   class=\"h3  text-blue break-words lg:max-w-[90%] xl:max-w-[98rem]\">\n\n            T\u00e9l\u00e9chargez notre brochure d&#8217;information gratuite!\n\n    <\/h2>\n\n\t\t\n\t\t\t\t\t\t\t\t<div class=\"mt-24 xl:mt-40 xl:ml-100 space-y-24  xl:max-w-[78rem]\"><p>D\u00e9couvrez comment les cellules souches issues du cordon ombilical et du placenta peuvent prot\u00e9ger la sant\u00e9 de votre famille. Notre brochure offre des informations pr\u00e9cieuses sur les avantages de la conservation des cellules souches et sur le processus de stockage simple.<\/p>\n<p>Ne manquez pas l&#8217;occasion de vous informer en profondeur et de prendre une d\u00e9cision importante pour l&#8217;avenir de votre famille.<\/p>\n<p>T\u00e9l\u00e9chargez la brochure maintenant et en savoir plus\u00a0en cliquant sur le bouton &#8220;Download brochure d&#8217;information!&#8221;.<\/p>\n<p>&nbsp;<\/p>\n<p>N&#8217;oubliez pas que si vous avez des questions, nous sommes heureux d&#8217;y r\u00e9pondre. Vous pouvez nous contacter gratuitement et vous aurez la possibilit\u00e9 de parler avec un consultant scientifique, qui a\u00a0de l&#8217;exp\u00e9rience et des connaissances dans le domaine des cellules souches et des banques de sang de cordon.<\/p>\n<p>L&#8217;\u00e9quipe de Famicord Suisse vous souhaite une bonne journ\u00e9e !<\/p>\n<\/div>\n\t\t\n\t<\/div>\n<\/section>\n\n\n\t<section class=\"cta cta--gray alignfull pt-48 pb-64 md:pt-56 md:pb-72 xl:pt-64 xl:pb-80 relative overflow-hidden section-margin section-margin--small\">\n      <div class=\"cta-decorator-wrapper--top absolute top-0 left-0\">\n      <svg width=\"566\"\n  height=\"386\"\n  viewBox=\"0 0 566 386\"\n  fill=\"none\"\n  xmlns=\"http:\/\/www.w3.org\/2000\/svg\"\n  class=\"cta-decorator\">\n  <rect x=\"-396.5\"\n    y=\"470.586\"\n    width=\"398\"\n    height=\"998\"\n    rx=\"199\"\n    transform=\"rotate(-135 -396.5 470.586)\"\n    stroke=\"currentColor\"\n    stroke-width=\"2\" \/>\n  <path d=\"M166.5 -122C166.5 -231.905 255.595 -321 365.5 -321C475.405 -321 564.5 -231.905 564.5 -122C564.5 -12.0953 475.405 77 365.5 77C255.595 77 166.5 -12.0953 166.5 -122Z\"\n    stroke=\"currentColor\"\n    stroke-width=\"2\" \/>\n<\/svg>\n\n    <\/div>\n    <div class=\"cta-decorator-wrapper--bottom absolute bottom-0 right-0\">\n      <svg width=\"574\"\n  height=\"386\"\n  viewBox=\"0 0 574 386\"\n  fill=\"none\"\n  xmlns=\"http:\/\/www.w3.org\/2000\/svg\"\n  class=\"cta-decorator\">\n  <rect x=\"963.5\"\n    y=\"-84.5858\"\n    width=\"398\"\n    height=\"998\"\n    rx=\"199\"\n    transform=\"rotate(45 963.5 -84.5858)\"\n    stroke=\"currentColor\"\n    stroke-width=\"2\" \/>\n  <path d=\"M399.5 508C399.5 617.905 310.405 707 200.5 707C90.5953 707 1.5 617.905 1.5 508C1.5 398.095 90.5953 309 200.5 309C310.405 309 399.5 398.095 399.5 508Z\"\n    stroke=\"currentColor\"\n    stroke-width=\"2\" \/>\n<\/svg>\n\n    <\/div>\n  \n  <div class=\"container flex flex-col items-center gap-y-32 text-center relative z-1\">\n      <figure>\n    <img decoding=\"async\" src=\"https:\/\/famicord.lu\/wp-content\/uploads\/2024\/07\/FileArrowDown.svg\" alt=\"Icon\" class=\"style-svg w-48 h-auto\" \/>\n  <\/figure>\n\n  \n    <h2   class=\"h3  lg:max-w-[97rem]\">\n\n            T\u00e9l\u00e9charger le E-book de Famicord Suisse\n\n    <\/h2>\n\n\n\n<div class=\"flex flex-col sm:flex-row justify-center items-center flex-wrap gap-8 md:gap-y-16 md:gap-x-40 w-full sm:w-auto\">\n      \n\t\n\t\n\t\t<a href=\"https:\/\/famicord.lu\/wp-content\/uploads\/2024\/10\/Dossier-d_information_LUX_FR.pdf\" target=\"_blank\" class=\"button primary !inline-flex items-center gap-8  button--big w-full sm:w-auto\">\n            Download brochure d\u2019 information!\n            <span class=\"svg-container text-inherit size-16\"><svg width=\"20\" height=\"20\" viewBox=\"0 0 20 20\" fill=\"none\" xmlns=\"http:\/\/www.w3.org\/2000\/svg\">\n    <path d=\"M19.1111 12.8444V18.8889C19.1111 19.5111 18.6222 20 18 20H1.11111C0.488889 20 0 19.5111 0 18.8889V12.8444C0 12.2222 0.488889 11.7333 1.11111 11.7333C1.73333 11.7333 2.22222 12.2222 2.22222 12.8444V17.7778H16.8889V12.8444C16.8889 12.2222 17.3778 11.7333 18 11.7333C18.6222 11.7333 19.1111 12.2222 19.1111 12.8444ZM8.75556 14.2222C8.95556 14.4444 9.24444 14.5556 9.55556 14.5556C9.86667 14.5556 10.1333 14.4444 10.3556 14.2222L14.7778 9.68889C15.2 9.24444 15.2 8.55556 14.7556 8.11111C14.3111 7.68889 13.6222 7.68889 13.1778 8.13333L10.6667 10.7333V1.11111C10.6667 0.488889 10.1778 0 9.55556 0C8.93333 0 8.44444 0.488889 8.44444 1.11111V10.7333L5.91111 8.15556C5.48889 7.71111 4.77778 7.71111 4.33333 8.13333C3.88889 8.55556 3.88889 9.26667 4.31111 9.71111L8.75556 14.2222Z\" fill=\"currentColor\"\/>\n<\/svg>\n<\/span>\n        <\/a>\n\n\t\n  \n        <\/div>\n  <\/div>\n<\/section>\n\n\n\n<p class=\" eplus-wrapper\"><\/p>\n","protected":false},"excerpt":{"rendered":"","protected":false},"author":1,"featured_media":0,"parent":0,"menu_order":0,"comment_status":"closed","ping_status":"closed","template":"","meta":{"_acf_changed":false,"inline_featured_image":false,"editor_plus_copied_stylings":"{}","footnotes":""},"class_list":["post-4204","page","type-page","status-publish","hentry"],"acf":[],"yoast_head":"<!-- This site is optimized with the Yoast SEO plugin v27.2 - https:\/\/yoast.com\/product\/yoast-seo-wordpress\/ -->\n<title>E-book<\/title>\n<meta name=\"robots\" content=\"index, follow, max-snippet:-1, max-image-preview:large, max-video-preview:-1\" \/>\n<link rel=\"canonical\" href=\"https:\/\/famicord.lu\/fr\/e-book\" \/>\n<meta property=\"og:locale\" content=\"fr_FR\" \/>\n<meta property=\"og:type\" content=\"article\" \/>\n<meta property=\"og:title\" content=\"E-book\" \/>\n<meta property=\"og:url\" content=\"https:\/\/famicord.lu\/fr\/e-book\" \/>\n<meta property=\"og:site_name\" content=\"Famicord Suisse\" \/>\n<meta property=\"article:modified_time\" content=\"2024-10-31T15:43:02+00:00\" \/>\n<meta name=\"twitter:card\" content=\"summary_large_image\" \/>\n<script type=\"application\/ld+json\" class=\"yoast-schema-graph\">{\"@context\":\"https:\/\/schema.org\",\"@graph\":[{\"@type\":\"WebPage\",\"@id\":\"https:\/\/famicord.lu\/fr\/e-book\",\"url\":\"https:\/\/famicord.lu\/fr\/e-book\",\"name\":\"E-book\",\"isPartOf\":{\"@id\":\"https:\/\/famicord.lu\/fr#website\"},\"datePublished\":\"2024-07-16T12:51:08+00:00\",\"dateModified\":\"2024-10-31T15:43:02+00:00\",\"breadcrumb\":{\"@id\":\"https:\/\/famicord.lu\/fr\/e-book#breadcrumb\"},\"inLanguage\":\"fr-LU\",\"potentialAction\":[{\"@type\":\"ReadAction\",\"target\":[\"https:\/\/famicord.lu\/fr\/e-book\"]}]},{\"@type\":\"BreadcrumbList\",\"@id\":\"https:\/\/famicord.lu\/fr\/e-book#breadcrumb\",\"itemListElement\":[{\"@type\":\"ListItem\",\"position\":1,\"name\":\"Home\",\"item\":\"https:\/\/famicord.lu\/fr\"},{\"@type\":\"ListItem\",\"position\":2,\"name\":\"E-book\"}]},{\"@type\":\"WebSite\",\"@id\":\"https:\/\/famicord.lu\/fr#website\",\"url\":\"https:\/\/famicord.lu\/fr\",\"name\":\"FamiCord Suisse\",\"description\":\"\",\"potentialAction\":[{\"@type\":\"SearchAction\",\"target\":{\"@type\":\"EntryPoint\",\"urlTemplate\":\"https:\/\/famicord.lu\/fr?s={search_term_string}\"},\"query-input\":{\"@type\":\"PropertyValueSpecification\",\"valueRequired\":true,\"valueName\":\"search_term_string\"}}],\"inLanguage\":\"fr-LU\"}]}<\/script>\n<!-- \/ Yoast SEO plugin. -->","yoast_head_json":{"title":"E-book","robots":{"index":"index","follow":"follow","max-snippet":"max-snippet:-1","max-image-preview":"max-image-preview:large","max-video-preview":"max-video-preview:-1"},"canonical":"https:\/\/famicord.lu\/fr\/e-book","og_locale":"fr_FR","og_type":"article","og_title":"E-book","og_url":"https:\/\/famicord.lu\/fr\/e-book","og_site_name":"Famicord Suisse","article_modified_time":"2024-10-31T15:43:02+00:00","twitter_card":"summary_large_image","schema":{"@context":"https:\/\/schema.org","@graph":[{"@type":"WebPage","@id":"https:\/\/famicord.lu\/fr\/e-book","url":"https:\/\/famicord.lu\/fr\/e-book","name":"E-book","isPartOf":{"@id":"https:\/\/famicord.lu\/fr#website"},"datePublished":"2024-07-16T12:51:08+00:00","dateModified":"2024-10-31T15:43:02+00:00","breadcrumb":{"@id":"https:\/\/famicord.lu\/fr\/e-book#breadcrumb"},"inLanguage":"fr-LU","potentialAction":[{"@type":"ReadAction","target":["https:\/\/famicord.lu\/fr\/e-book"]}]},{"@type":"BreadcrumbList","@id":"https:\/\/famicord.lu\/fr\/e-book#breadcrumb","itemListElement":[{"@type":"ListItem","position":1,"name":"Home","item":"https:\/\/famicord.lu\/fr"},{"@type":"ListItem","position":2,"name":"E-book"}]},{"@type":"WebSite","@id":"https:\/\/famicord.lu\/fr#website","url":"https:\/\/famicord.lu\/fr","name":"FamiCord Suisse","description":"","potentialAction":[{"@type":"SearchAction","target":{"@type":"EntryPoint","urlTemplate":"https:\/\/famicord.lu\/fr?s={search_term_string}"},"query-input":{"@type":"PropertyValueSpecification","valueRequired":true,"valueName":"search_term_string"}}],"inLanguage":"fr-LU"}]}},"_links":{"self":[{"href":"https:\/\/famicord.lu\/fr\/wp-json\/wp\/v2\/pages\/4204","targetHints":{"allow":["GET"]}}],"collection":[{"href":"https:\/\/famicord.lu\/fr\/wp-json\/wp\/v2\/pages"}],"about":[{"href":"https:\/\/famicord.lu\/fr\/wp-json\/wp\/v2\/types\/page"}],"author":[{"embeddable":true,"href":"https:\/\/famicord.lu\/fr\/wp-json\/wp\/v2\/users\/1"}],"replies":[{"embeddable":true,"href":"https:\/\/famicord.lu\/fr\/wp-json\/wp\/v2\/comments?post=4204"}],"version-history":[{"count":3,"href":"https:\/\/famicord.lu\/fr\/wp-json\/wp\/v2\/pages\/4204\/revisions"}],"predecessor-version":[{"id":7212,"href":"https:\/\/famicord.lu\/fr\/wp-json\/wp\/v2\/pages\/4204\/revisions\/7212"}],"wp:attachment":[{"href":"https:\/\/famicord.lu\/fr\/wp-json\/wp\/v2\/media?parent=4204"}],"curies":[{"name":"wp","href":"https:\/\/api.w.org\/{rel}","templated":true}]}}