{"id":4142,"date":"2024-07-16T14:50:34","date_gmt":"2024-07-16T12:50:34","guid":{"rendered":"https:\/\/wordpress-famicord-ch.empressia.dev\/haftungsausschluss"},"modified":"2025-11-27T11:58:28","modified_gmt":"2025-11-27T10:58:28","slug":"haftungsausschluss","status":"publish","type":"page","link":"https:\/\/famicord.lu\/fr\/haftungsausschluss","title":{"rendered":"D\u00e9charge de responsabilit\u00e9"},"content":{"rendered":"\n<section class=\"hero flex flex-col justify-center bg-center bg-cover bg-no-repeat py-32 lg:py-48 mb-72 xl:mb-120 relative min-h-[20.5rem] xl:min-h-[26rem]\" style=\"background-image: url(https:\/\/famicord.lu\/wp-content\/uploads\/2024\/07\/default-hero-bg.webp)\">\n\t<div class=\"container items-center\">\n\t\t<h1 class=\"text-center text-blue max-w-[90%] md:max-w-[60%] lg:max-w-[80%] xxl:max-w-1200 mx-auto\">\n\t\t\t\n\t\t\t\n\t\t\t\t\t\t\t<span class=\"font-extralight break-words\">D\u00e9charge de responsabilit\u00e9<\/span>\n\t\t\t\t\t<\/h1>\n\t<\/div>\n\n\t<div class=\"absolute left-[-14rem] bottom-[-10.8rem] md:bottom-[-15.8rem] xl:bottom-[-20.3rem]\">\n\t\t<svg width=\"500\" height=\"500\" viewbox=\"0 0 500 500\" fill=\"none\" xmlns=\"http:\/\/www.w3.org\/2000\/svg\" class=\"size-180 md:size-260 xl:size-340\">\n\t\t\t<mask id=\"mask0_1511_27028\" style=\"mask-type:alpha\" maskunits=\"userSpaceOnUse\" x=\"0\" y=\"0\" width=\"500\" height=\"200\">\n\t\t\t\t<rect width=\"500\" height=\"200\" transform=\"matrix(-1 0 0 1 500 0)\" fill=\"#D9D9D9\"\/>\n\t\t\t<\/mask>\n\t\t\t<g mask=\"url(#mask0_1511_27028)\">\n\t\t\t\t<path d=\"M214.686 463.894C166.261 512.319 87.156 511.726 38.731 463.301C-9.69398 414.876 -10.2866 335.771 38.1384 287.346L287.04 38.4443C335.465 -9.98075 414.57 -9.3881 462.995 39.0369C511.42 87.4619 512.013 166.567 463.588 214.992L214.686 463.894Z\" fill=\"#FE6F20\"\/>\n\t\t\t<\/g>\n\t\t\t<path d=\"M214.404 462.612C166.377 510.639 87.7903 509.946 39.7484 461.905C-8.29344 413.863 -8.98578 335.276 39.0413 287.249L287.943 38.3476C335.97 -9.67956 414.556 -8.98719 462.598 39.0547C510.64 87.0966 511.333 165.683 463.305 213.71L214.404 462.612Z\" stroke=\"#FE6F20\" stroke-width=\"2\"\/>\n\t\t<\/svg>\n\t<\/div>\n\n\t<div class=\"absolute right-[-10rem] bottom-[-7.2rem] md:bottom-[-10.4rem] xl:bottom-[-13.6rem]\">\n\t\t<svg width=\"500\" height=\"500\" viewbox=\"0 0 500 500\" fill=\"none\" xmlns=\"http:\/\/www.w3.org\/2000\/svg\" class=\"size-180 md:size-260 xl:size-340\">\n\t\t\t<mask id=\"mask0_1511_27023\" style=\"mask-type:alpha\" maskunits=\"userSpaceOnUse\" x=\"0\" y=\"0\" width=\"500\" height=\"300\">\n\t\t\t\t<rect width=\"500\" height=\"300\" fill=\"#D9D9D9\"\/>\n\t\t\t<\/mask>\n\t\t\t<g mask=\"url(#mask0_1511_27023)\">\n\t\t\t\t<path d=\"M285.622 36.4146C334.047 -12.0104 413.069 -11.5011 461.494 36.9239C509.919 85.349 510.429 164.371 462.004 212.796L213.102 461.697C164.677 510.122 85.6552 509.613 37.2302 461.188C-11.1948 412.763 -11.7041 333.741 36.7209 285.316L285.622 36.4146Z\" fill=\"#1560DA\"\/>\n\t\t\t<\/g>\n\t\t\t<path d=\"M285.596 37.3883C333.623 -10.6388 412.21 -9.94644 460.252 38.0955C508.293 86.1373 508.986 164.724 460.959 212.751L212.057 461.652C164.03 509.68 85.4436 508.987 37.4017 460.945C-10.6402 412.903 -11.3325 334.317 36.6946 286.29L285.596 37.3883Z\" stroke=\"#1560DA\" stroke-width=\"2\"\/>\n\t\t<\/svg>\n\t<\/div>\n<\/section>\n\n\n<section class=\"section-with-heading-and-text section-margin section-margin--small\">\n\t<div class=\"container\">\n\n\t\t\t\t\t\n\t\t\t\n    <h2   class=\"  text-blue break-words lg:max-w-[90%] xl:max-w-[98rem]\">\n\n            D\u00e9charge de responsabilit\u00e9\n\n    <\/h2>\n\n\t\t\n\t\t\t\t\t\t\t\t<div class=\"mt-24 xl:mt-40 xl:ml-100 space-y-24  xl:max-w-[78rem]\"><p>Les pr\u00e9sentes conditions d&#8217;utilisation du site web (&#8220;Conditions&#8221;) d\u00e9finissent les conditions d&#8217;utilisation dans lesquelles vous pouvez utiliser ces sites web <a href=\"http:\/\/www.famicord.ch\">www.famicord.ch<\/a> (&#8220;Sites&#8221;). Veuillez lire attentivement ces conditions et vous assurer que vous les comprenez. Votre accord pour vous conformer et \u00eatre li\u00e9 par ces conditions est r\u00e9put\u00e9 intervenir lors de votre premi\u00e8re utilisation de ces sites web. Si vous n&#8217;acceptez pas de vous conformer et d&#8217;\u00eatre li\u00e9 par ces conditions, vous devez cesser d&#8217;utiliser ces sites web.<\/p>\n<\/div>\n\t\t\n\t<\/div>\n<\/section>\n\n\n<section class=\"section-with-heading-and-text section-margin section-margin--small\">\n\t<div class=\"container\">\n\n\t\t\t\t\t\n\t\t\t\n    <h2   class=\"h4  text-blue break-words lg:max-w-[90%] xl:max-w-[98rem]\">\n\n            D\u00e9finitions\n\n    <\/h2>\n\n\t\t\n\t\t\t\t\t\t\t\t<div class=\"mt-24 xl:mt-40 xl:ml-100 space-y-24  xl:max-w-[78rem]\"><p>Dans les pr\u00e9sentes Conditions, sauf si le contexte l&#8217;exige, les expressions suivantes ont la signification suivante:<\/p>\n<\/div>\n\t\t\n\t<\/div>\n<\/section>\n\n\n\n<figure class=\" wp-block-table eplus-wrapper\"><table><tbody><tr><td><strong>&#8220;Contenu&#8221;<\/strong><\/td><td>tout texte, image, audio, vid\u00e9o, script, code, logiciel, base de donn\u00e9es et toute autre forme d&#8217;information pouvant \u00eatre stock\u00e9e sur un ordinateur qui appara\u00eet sur ces sites web ou en fait partie ; et<\/td><\/tr><tr><td><strong>\u201cnous\u201d<\/strong><\/td><td>d\u00e9signe le FamiCord Suisse S.A. dont l&#8217;adresse est la suivante : c\/o Studio Fiduciario Pagani SA, Palazzo Ransila 2, Corso Pestalozzi 3, 6900 Lugano.<\/td><\/tr><\/tbody><\/table><\/figure>\n\n\n<section class=\"section-with-heading-and-text section-margin section-margin--small\">\n\t<div class=\"container\">\n\n\t\t\t\t\t\n\t\t\t\n    <h2   class=\"h4  text-blue break-words lg:max-w-[90%] xl:max-w-[98rem]\">\n\n            Informations \u00e0 notre sujet\n\n    <\/h2>\n\n\t\t\n\t\t\t\t\t\t\t\t<div class=\"mt-24 xl:mt-40 xl:ml-100 space-y-24  xl:max-w-[78rem]\"><p>Ces sites web sont d\u00e9tenus et exploit\u00e9s par le groupe FamiCord.<\/p>\n<\/div>\n\t\t\n\t<\/div>\n<\/section>\n\n\n<section class=\"section-with-heading-and-text section-margin section-margin--small\">\n\t<div class=\"container\">\n\n\t\t\t\t\t\n\t\t\t\n    <h2   class=\"h4  text-blue break-words lg:max-w-[90%] xl:max-w-[98rem]\">\n\n            Acc\u00e8s \u00e0 ces sites web\n\n    <\/h2>\n\n\t\t\n\t\t\t\t\t\t\t\t<div class=\"mt-24 xl:mt-40 xl:ml-100 space-y-24  xl:max-w-[78rem]\"><p>L&#8217;acc\u00e8s \u00e0 ces sites web est gratuit. Il vous appartient de prendre toutes les dispositions n\u00e9cessaires pour y acc\u00e9der.<\/p>\n<p>L&#8217;acc\u00e8s \u00e0 ces sites est fourni &#8220;en l&#8217;\u00e9tat&#8221; et &#8220;en fonction des disponibilit\u00e9s&#8221;. Nous pouvons modifier, suspendre ou interrompre ces sites web (ou toute partie de ceux-ci) \u00e0 tout moment et sans pr\u00e9avis. Nous ne serons en aucun cas responsables envers vous si ces sites web (ou toute partie de ceux-ci) sont indisponibles \u00e0 tout moment et pour toute p\u00e9riode.<\/p>\n<\/div>\n\t\t\n\t<\/div>\n<\/section>\n\n\n<section class=\"section-with-heading-and-text section-margin section-margin--small\">\n\t<div class=\"container\">\n\n\t\t\t\t\t\n\t\t\t\n    <h2   class=\"h4  text-blue break-words lg:max-w-[90%] xl:max-w-[98rem]\">\n\n            Droits de propri\u00e9t\u00e9 intellectuelle\n\n    <\/h2>\n\n\t\t\n\t\t\t\t\t\t\t\t<div class=\"mt-24 xl:mt-40 xl:ml-100 space-y-24  xl:max-w-[78rem]\"><p>Tout le contenu de ces sites web et les droits d&#8217;auteur, marques commerciales et autres droits de propri\u00e9t\u00e9 intellectuelle qui y subsistent, sauf mention contraire, nous appartiennent ou ont \u00e9t\u00e9 conc\u00e9d\u00e9s sous licence. Tout le contenu est prot\u00e9g\u00e9 par les lois et trait\u00e9s suisses et internationaux applicables en mati\u00e8re de propri\u00e9t\u00e9 intellectuelle.<\/p>\n<p>Sauf disposition contraire de la loi imp\u00e9rative applicable, vous ne pouvez pas reproduire, copier, distribuer, vendre, louer, conc\u00e9der des sous-licences, stocker ou r\u00e9utiliser de toute autre mani\u00e8re le contenu de ces sites web, sauf si nous vous en donnons l&#8217;autorisation expresse par \u00e9crit.<\/p>\n<p>Vous ne pouvez pas utiliser le contenu sauvegard\u00e9 ou t\u00e9l\u00e9charg\u00e9 de ces sites web \u00e0 des fins commerciales sans avoir obtenu au pr\u00e9alable une licence de notre part (ou de nos conc\u00e9dants, le cas \u00e9ch\u00e9ant) pour le faire.<\/p>\n<\/div>\n\t\t\n\t<\/div>\n<\/section>\n\n\n<section class=\"section-with-heading-and-text section-margin section-margin--small\">\n\t<div class=\"container\">\n\n\t\t\t\t\t\n\t\t\t\n    <h2   class=\"h4  text-blue break-words lg:max-w-[90%] xl:max-w-[98rem]\">\n\n            Liens vers d&#8217;autres sites web\n\n    <\/h2>\n\n\t\t\n\t\t\t\t\t\t\t\t<div class=\"mt-24 xl:mt-40 xl:ml-100 space-y-24  xl:max-w-[78rem]\"><p>Des liens vers d&#8217;autres sites peuvent \u00eatre inclus sur ces sites web. Sauf mention expresse, ces sites ne sont pas sous le contr\u00f4le du groupe FamiCord. Nous n&#8217;assumons ni n&#8217;acceptons aucune responsabilit\u00e9 quant au contenu des sites de tiers. L&#8217;inclusion d&#8217;un lien vers un autre site sur ces sites Web est uniquement \u00e0 titre d&#8217;information et n&#8217;implique aucune approbation des sites eux-m\u00eames ou de ceux qui les contr\u00f4lent.<\/p>\n<\/div>\n\t\t\n\t<\/div>\n<\/section>\n\n\n<section class=\"section-with-heading-and-text section-margin section-margin--small\">\n\t<div class=\"container\">\n\n\t\t\t\t\t\n\t\t\t\n    <h2   class=\"h4  text-blue break-words lg:max-w-[90%] xl:max-w-[98rem]\">\n\n            Avis de non-responsabilit\u00e9\n\n    <\/h2>\n\n\t\t\n\t\t\t\t\t\t\t\t<div class=\"mt-24 xl:mt-40 xl:ml-100 space-y-24  xl:max-w-[78rem]\"><p>Rien sur ces sites web ne constitue un conseil sur lequel vous devriez vous appuyer. Il est fourni \u00e0 titre d&#8217;information g\u00e9n\u00e9rale uniquement.<\/p>\n<p>Dans la mesure o\u00f9 la l\u00e9gislation applicable le permet, nous ne faisons aucune d\u00e9claration, ni ne garantissons que ces sites web r\u00e9pondront \u00e0 vos besoins, qu&#8217;ils ne porteront pas atteinte aux droits de tiers, qu&#8217;ils seront compatibles avec tous les logiciels et mat\u00e9riels, ou qu&#8217;ils seront s\u00e9curis\u00e9s.<\/p>\n<p>Nous faisons des efforts raisonnables pour nous assurer que le contenu de ces sites web est complet, exact et \u00e0 jour. Toutefois, nous ne faisons aucune d\u00e9claration, garantie ou caution (expresse ou implicite) que le contenu est complet, exact ou \u00e0 jour.<\/p>\n<\/div>\n\t\t\n\t<\/div>\n<\/section>\n\n\n<section class=\"section-with-heading-and-text section-margin section-margin--small\">\n\t<div class=\"container\">\n\n\t\t\t\t\t\n\t\t\t\n    <h2   class=\"h4  text-blue break-words lg:max-w-[90%] xl:max-w-[98rem]\">\n\n            Responsabilit\u00e9\n\n    <\/h2>\n\n\t\t\n\t\t\t\t\t\t\t\t<div class=\"mt-24 xl:mt-40 xl:ml-100 space-y-24  xl:max-w-[78rem]\"><p>Dans la mesure permise par la loi applicable, nous n&#8217;acceptons aucune responsabilit\u00e9 envers un utilisateur pour toute perte ou dommage, pr\u00e9visible ou non, contractuel, d\u00e9lictuel (y compris la n\u00e9gligence), pour violation d&#8217;une obligation l\u00e9gale ou autre, d\u00e9coulant de ou en relation avec l&#8217;utilisation (ou l&#8217;incapacit\u00e9 d&#8217;utiliser) ces sites web ou l&#8217;utilisation ou la confiance en tout contenu inclus sur ces sites web.<\/p>\n<p>Dans la mesure permise par la loi, nous excluons toutes les d\u00e9clarations, garanties et cautionnements (explicites ou implicites) qui peuvent s&#8217;appliquer \u00e0 ces sites web ou \u00e0 tout contenu inclus sur ces sites web.<\/p>\n<p>Nous faisons preuve de toute la comp\u00e9tence et de tout le soin n\u00e9cessaires pour nous assurer que ces sites web sont exempts de virus et autres logiciels malveillants. Nous n&#8217;acceptons aucune responsabilit\u00e9 pour toute perte ou dommage r\u00e9sultant d&#8217;un virus ou d&#8217;un autre logiciel malveillant, d&#8217;une attaque par d\u00e9ni de service distribu\u00e9 ou de tout autre mat\u00e9riel ou \u00e9v\u00e9nement pr\u00e9judiciable pouvant affecter votre mat\u00e9riel, vos logiciels, vos donn\u00e9es ou tout autre mat\u00e9riel, qui se produirait \u00e0 la suite de votre utilisation de ces sites web (y compris le t\u00e9l\u00e9chargement de tout contenu de ceux-ci) ou de tout autre site auquel il est fait r\u00e9f\u00e9rence sur ces sites web.<\/p>\n<p>Nous n&#8217;assumons ni n&#8217;acceptons aucune responsabilit\u00e9 d\u00e9coulant de toute perturbation ou non-disponibilit\u00e9 de ces sites web r\u00e9sultant de causes externes, y compris, mais sans s&#8217;y limiter, la d\u00e9faillance de l&#8217;\u00e9quipement du fournisseur d&#8217;acc\u00e8s Internet, la d\u00e9faillance de l&#8217;\u00e9quipement de l&#8217;h\u00f4te, la d\u00e9faillance du r\u00e9seau de communication, les \u00e9v\u00e9nements naturels, les actes de guerre ou les restrictions et la censure l\u00e9gales.<\/p>\n<\/div>\n\t\t\n\t<\/div>\n<\/section>\n\n\n<section class=\"section-with-heading-and-text section-margin section-margin--small\">\n\t<div class=\"container\">\n\n\t\t\t\t\t\n\t\t\t\n    <h2   class=\"h4  text-blue break-words lg:max-w-[90%] xl:max-w-[98rem]\">\n\n            Cookies\n\n    <\/h2>\n\n\t\t\n\t\t\t\t\t\t\t\t<div class=\"mt-24 xl:mt-40 xl:ml-100 space-y-24  xl:max-w-[78rem]\"><p>Veuillez vous r\u00e9f\u00e9rer \u00e0 notre politique en mati\u00e8re de cookies: <a href=\"https:\/\/www.famicord.ch\/fr\/cookie-policy\">https:\/\/www.famicord.ch\/fr\/cookie-policy<\/a>.<\/p>\n<\/div>\n\t\t\n\t<\/div>\n<\/section>\n\n\n<section class=\"section-with-heading-and-text section-margin section-margin--small\">\n\t<div class=\"container\">\n\n\t\t\t\t\t\n\t\t\t\n    <h2   class=\"h4  text-blue break-words lg:max-w-[90%] xl:max-w-[98rem]\">\n\n            Protection des donn\u00e9es\n\n    <\/h2>\n\n\t\t\n\t\t\t\t\t\t\t\t<div class=\"mt-24 xl:mt-40 xl:ml-100 space-y-24  xl:max-w-[78rem]\"><p>Veuillez vous r\u00e9f\u00e9rer \u00e0 notre politique de confidentialit\u00e9: <a href=\"https:\/\/www.famicord.ch\/fr\/politique-de-confidentialite\">https:\/\/www.famicord.ch\/fr\/politique-de-confidentialite<\/a>.<\/p>\n<\/div>\n\t\t\n\t<\/div>\n<\/section>\n\n\n<section class=\"section-with-heading-and-text section-margin section-margin--small\">\n\t<div class=\"container\">\n\n\t\t\t\t\t\n\t\t\t\n    <h2   class=\"h4  text-blue break-words lg:max-w-[90%] xl:max-w-[98rem]\">\n\n            Modifications de ces conditions\n\n    <\/h2>\n\n\t\t\n\t\t\t\t\t\t\t\t<div class=\"mt-24 xl:mt-40 xl:ml-100 space-y-24  xl:max-w-[78rem]\"><p>Nous pouvons modifier ces conditions \u00e0 tout moment. Ces modifications vous engageront d\u00e8s votre premi\u00e8re utilisation de ces sites web apr\u00e8s leur mise en \u0153uvre. Il vous est donc conseill\u00e9 de consulter ces sites web de temps \u00e0 autre.<\/p>\n<p>En cas de conflit entre la version actuelle des pr\u00e9sentes conditions et toute(s) version(s) ant\u00e9rieure(s), les dispositions actuelles et en vigueur pr\u00e9vaudront, sauf indication contraire expresse.<\/p>\n<\/div>\n\t\t\n\t<\/div>\n<\/section>\n\n\n<section class=\"section-with-heading-and-text section-margin section-margin--small\">\n\t<div class=\"container\">\n\n\t\t\t\t\t\n\t\t\t\n    <h2   class=\"h4  text-blue break-words lg:max-w-[90%] xl:max-w-[98rem]\">\n\n            Droit et jurisdiction\n\n    <\/h2>\n\n\t\t\n\t\t\t\t\t\t\t\t<div class=\"mt-24 xl:mt-40 xl:ml-100 space-y-24  xl:max-w-[78rem]\"><p>Les pr\u00e9sentes conditions sont r\u00e9gies et interpr\u00e9t\u00e9es conform\u00e9ment au droit suisse (\u00e0 l&#8217;exclusion du droit international priv\u00e9 suisse et des trait\u00e9s internationaux, en particulier la Convention de Vienne sur la vente internationale de marchandises du 11 avril 1980).<\/p>\n<p>Tout litige concernant ces conditions sera soumis \u00e0 la juridiction des tribunaux comp\u00e9tents au domicile du Groupe FamiCord.<\/p>\n<\/div>\n\t\t\n\t<\/div>\n<\/section>\n\n\n<section class=\"section-with-heading-and-text section-margin section-margin--small\">\n\t<div class=\"container\">\n\n\t\t\t\t\t\n\t\t\t\n    <h2   class=\"h4  text-blue break-words lg:max-w-[90%] xl:max-w-[98rem]\">\n\n            Pour nous contacter\n\n    <\/h2>\n\n\t\t\n\t\t\t\t\t\t\t\t<div class=\"mt-24 xl:mt-40 xl:ml-100 space-y-24  xl:max-w-[78rem]\"><p>Pour nous contacter, veuillez nous envoyer un courriel \u00e0 <a href=\"mailto:dpo@famicord.ch\">dpo@famicord.ch<\/a> ou utiliser l&#8217;une des m\u00e9thodes indiqu\u00e9es sur la page de contact.<\/p>\n<\/div>\n\t\t\n\t<\/div>\n<\/section>\n","protected":false},"excerpt":{"rendered":"<p>&#8220;Contenu&#8221; tout texte, image, audio, vid\u00e9o, script, code, logiciel, base de donn\u00e9es et toute autre forme d&#8217;information pouvant \u00eatre stock\u00e9e sur un ordinateur qui appara\u00eet sur ces sites web ou en fait partie ; et \u201cnous\u201d d\u00e9signe le FamiCord Suisse S.A. dont l&#8217;adresse est la suivante : c\/o Studio Fiduciario Pagani SA, Palazzo Ransila 2, [&hellip;]<\/p>\n","protected":false},"author":1,"featured_media":0,"parent":0,"menu_order":0,"comment_status":"closed","ping_status":"closed","template":"","meta":{"_acf_changed":false,"inline_featured_image":false,"editor_plus_copied_stylings":"{}","footnotes":""},"class_list":["post-4142","page","type-page","status-publish","hentry"],"acf":[],"yoast_head":"<!-- This site is optimized with the Yoast SEO plugin v27.3 - https:\/\/yoast.com\/product\/yoast-seo-wordpress\/ -->\n<title>FamiCord Suisse | D\u00e9charge de responsabilit\u00e9<\/title>\n<meta name=\"description\" content=\"D\u00e9couvrez la d\u00e9charge de responsabilit\u00e9 de FamiCord Suisse \u2013 mentions l\u00e9gales, champ d\u2019application et responsabilit\u00e9s li\u00e9es \u00e0 l\u2019utilisation de ce site Web.\" \/>\n<meta name=\"robots\" content=\"index, follow, max-snippet:-1, max-image-preview:large, max-video-preview:-1\" \/>\n<link rel=\"canonical\" href=\"https:\/\/famicord.lu\/fr\/haftungsausschluss\" \/>\n<meta property=\"og:locale\" content=\"fr_FR\" \/>\n<meta property=\"og:type\" content=\"article\" \/>\n<meta property=\"og:title\" content=\"FamiCord Suisse | D\u00e9charge de responsabilit\u00e9\" \/>\n<meta property=\"og:description\" content=\"D\u00e9couvrez la d\u00e9charge de responsabilit\u00e9 de FamiCord Suisse \u2013 mentions l\u00e9gales, champ d\u2019application et responsabilit\u00e9s li\u00e9es \u00e0 l\u2019utilisation de ce site Web.\" \/>\n<meta property=\"og:url\" content=\"https:\/\/famicord.lu\/fr\/haftungsausschluss\" \/>\n<meta property=\"og:site_name\" content=\"Famicord Suisse\" \/>\n<meta property=\"article:modified_time\" content=\"2025-11-27T10:58:28+00:00\" \/>\n<meta name=\"twitter:card\" content=\"summary_large_image\" \/>\n<meta name=\"twitter:label1\" content=\"Est. reading time\" \/>\n\t<meta name=\"twitter:data1\" content=\"1 minute\" \/>\n<script type=\"application\/ld+json\" class=\"yoast-schema-graph\">{\"@context\":\"https:\\\/\\\/schema.org\",\"@graph\":[{\"@type\":\"WebPage\",\"@id\":\"https:\\\/\\\/famicord.lu\\\/fr\\\/haftungsausschluss\",\"url\":\"https:\\\/\\\/famicord.lu\\\/fr\\\/haftungsausschluss\",\"name\":\"FamiCord Suisse | D\u00e9charge de responsabilit\u00e9\",\"isPartOf\":{\"@id\":\"https:\\\/\\\/famicord.lu\\\/fr#website\"},\"datePublished\":\"2024-07-16T12:50:34+00:00\",\"dateModified\":\"2025-11-27T10:58:28+00:00\",\"description\":\"D\u00e9couvrez la d\u00e9charge de responsabilit\u00e9 de FamiCord Suisse \u2013 mentions l\u00e9gales, champ d\u2019application et responsabilit\u00e9s li\u00e9es \u00e0 l\u2019utilisation de ce site Web.\",\"breadcrumb\":{\"@id\":\"https:\\\/\\\/famicord.lu\\\/fr\\\/haftungsausschluss#breadcrumb\"},\"inLanguage\":\"fr-LU\",\"potentialAction\":[{\"@type\":\"ReadAction\",\"target\":[\"https:\\\/\\\/famicord.lu\\\/fr\\\/haftungsausschluss\"]}]},{\"@type\":\"BreadcrumbList\",\"@id\":\"https:\\\/\\\/famicord.lu\\\/fr\\\/haftungsausschluss#breadcrumb\",\"itemListElement\":[{\"@type\":\"ListItem\",\"position\":1,\"name\":\"Home\",\"item\":\"https:\\\/\\\/famicord.lu\\\/fr\"},{\"@type\":\"ListItem\",\"position\":2,\"name\":\"D\u00e9charge de responsabilit\u00e9\"}]},{\"@type\":\"WebSite\",\"@id\":\"https:\\\/\\\/famicord.lu\\\/fr#website\",\"url\":\"https:\\\/\\\/famicord.lu\\\/fr\",\"name\":\"FamiCord Suisse\",\"description\":\"\",\"potentialAction\":[{\"@type\":\"SearchAction\",\"target\":{\"@type\":\"EntryPoint\",\"urlTemplate\":\"https:\\\/\\\/famicord.lu\\\/fr?s={search_term_string}\"},\"query-input\":{\"@type\":\"PropertyValueSpecification\",\"valueRequired\":true,\"valueName\":\"search_term_string\"}}],\"inLanguage\":\"fr-LU\"}]}<\/script>\n<!-- \/ Yoast SEO plugin. -->","yoast_head_json":{"title":"FamiCord Suisse | D\u00e9charge de responsabilit\u00e9","description":"D\u00e9couvrez la d\u00e9charge de responsabilit\u00e9 de FamiCord Suisse \u2013 mentions l\u00e9gales, champ d\u2019application et responsabilit\u00e9s li\u00e9es \u00e0 l\u2019utilisation de ce site Web.","robots":{"index":"index","follow":"follow","max-snippet":"max-snippet:-1","max-image-preview":"max-image-preview:large","max-video-preview":"max-video-preview:-1"},"canonical":"https:\/\/famicord.lu\/fr\/haftungsausschluss","og_locale":"fr_FR","og_type":"article","og_title":"FamiCord Suisse | D\u00e9charge de responsabilit\u00e9","og_description":"D\u00e9couvrez la d\u00e9charge de responsabilit\u00e9 de FamiCord Suisse \u2013 mentions l\u00e9gales, champ d\u2019application et responsabilit\u00e9s li\u00e9es \u00e0 l\u2019utilisation de ce site Web.","og_url":"https:\/\/famicord.lu\/fr\/haftungsausschluss","og_site_name":"Famicord Suisse","article_modified_time":"2025-11-27T10:58:28+00:00","twitter_card":"summary_large_image","twitter_misc":{"Est. reading time":"1 minute"},"schema":{"@context":"https:\/\/schema.org","@graph":[{"@type":"WebPage","@id":"https:\/\/famicord.lu\/fr\/haftungsausschluss","url":"https:\/\/famicord.lu\/fr\/haftungsausschluss","name":"FamiCord Suisse | D\u00e9charge de responsabilit\u00e9","isPartOf":{"@id":"https:\/\/famicord.lu\/fr#website"},"datePublished":"2024-07-16T12:50:34+00:00","dateModified":"2025-11-27T10:58:28+00:00","description":"D\u00e9couvrez la d\u00e9charge de responsabilit\u00e9 de FamiCord Suisse \u2013 mentions l\u00e9gales, champ d\u2019application et responsabilit\u00e9s li\u00e9es \u00e0 l\u2019utilisation de ce site Web.","breadcrumb":{"@id":"https:\/\/famicord.lu\/fr\/haftungsausschluss#breadcrumb"},"inLanguage":"fr-LU","potentialAction":[{"@type":"ReadAction","target":["https:\/\/famicord.lu\/fr\/haftungsausschluss"]}]},{"@type":"BreadcrumbList","@id":"https:\/\/famicord.lu\/fr\/haftungsausschluss#breadcrumb","itemListElement":[{"@type":"ListItem","position":1,"name":"Home","item":"https:\/\/famicord.lu\/fr"},{"@type":"ListItem","position":2,"name":"D\u00e9charge de responsabilit\u00e9"}]},{"@type":"WebSite","@id":"https:\/\/famicord.lu\/fr#website","url":"https:\/\/famicord.lu\/fr","name":"FamiCord Suisse","description":"","potentialAction":[{"@type":"SearchAction","target":{"@type":"EntryPoint","urlTemplate":"https:\/\/famicord.lu\/fr?s={search_term_string}"},"query-input":{"@type":"PropertyValueSpecification","valueRequired":true,"valueName":"search_term_string"}}],"inLanguage":"fr-LU"}]}},"_links":{"self":[{"href":"https:\/\/famicord.lu\/fr\/wp-json\/wp\/v2\/pages\/4142","targetHints":{"allow":["GET"]}}],"collection":[{"href":"https:\/\/famicord.lu\/fr\/wp-json\/wp\/v2\/pages"}],"about":[{"href":"https:\/\/famicord.lu\/fr\/wp-json\/wp\/v2\/types\/page"}],"author":[{"embeddable":true,"href":"https:\/\/famicord.lu\/fr\/wp-json\/wp\/v2\/users\/1"}],"replies":[{"embeddable":true,"href":"https:\/\/famicord.lu\/fr\/wp-json\/wp\/v2\/comments?post=4142"}],"version-history":[{"count":6,"href":"https:\/\/famicord.lu\/fr\/wp-json\/wp\/v2\/pages\/4142\/revisions"}],"predecessor-version":[{"id":8868,"href":"https:\/\/famicord.lu\/fr\/wp-json\/wp\/v2\/pages\/4142\/revisions\/8868"}],"wp:attachment":[{"href":"https:\/\/famicord.lu\/fr\/wp-json\/wp\/v2\/media?parent=4142"}],"curies":[{"name":"wp","href":"https:\/\/api.w.org\/{rel}","templated":true}]}}