{"id":4125,"date":"2024-07-16T14:50:45","date_gmt":"2024-07-16T12:50:45","guid":{"rendered":"https:\/\/wordpress-famicord-ch.empressia.dev\/newsletter-richtlinien"},"modified":"2025-11-27T12:02:35","modified_gmt":"2025-11-27T11:02:35","slug":"newsletter-richtlinien","status":"publish","type":"page","link":"https:\/\/famicord.lu\/fr\/newsletter-richtlinien","title":{"rendered":"Politique en mati\u00e8re de bulletin d&#8217;information"},"content":{"rendered":"\n<section class=\"hero flex flex-col justify-center bg-center bg-cover bg-no-repeat py-32 lg:py-48 mb-72 xl:mb-120 relative min-h-[20.5rem] xl:min-h-[26rem]\" style=\"background-image: url(https:\/\/famicord.lu\/wp-content\/uploads\/2024\/07\/default-hero-bg.webp)\">\n\t<div class=\"container items-center\">\n\t\t<h1 class=\"text-center text-blue max-w-[90%] md:max-w-[60%] lg:max-w-[80%] xxl:max-w-1200 mx-auto\">\n\t\t\t\n\t\t\t\n\t\t\t\t\t\t\t<span class=\"font-extralight break-words\">Politique en mati\u00e8re de bulletin d&#8217;information<\/span>\n\t\t\t\t\t<\/h1>\n\t<\/div>\n\n\t<div class=\"absolute left-[-14rem] bottom-[-10.8rem] md:bottom-[-15.8rem] xl:bottom-[-20.3rem]\">\n\t\t<svg width=\"500\" height=\"500\" viewbox=\"0 0 500 500\" fill=\"none\" xmlns=\"http:\/\/www.w3.org\/2000\/svg\" class=\"size-180 md:size-260 xl:size-340\">\n\t\t\t<mask id=\"mask0_1511_27028\" style=\"mask-type:alpha\" maskunits=\"userSpaceOnUse\" x=\"0\" y=\"0\" width=\"500\" height=\"200\">\n\t\t\t\t<rect width=\"500\" height=\"200\" transform=\"matrix(-1 0 0 1 500 0)\" fill=\"#D9D9D9\"\/>\n\t\t\t<\/mask>\n\t\t\t<g mask=\"url(#mask0_1511_27028)\">\n\t\t\t\t<path d=\"M214.686 463.894C166.261 512.319 87.156 511.726 38.731 463.301C-9.69398 414.876 -10.2866 335.771 38.1384 287.346L287.04 38.4443C335.465 -9.98075 414.57 -9.3881 462.995 39.0369C511.42 87.4619 512.013 166.567 463.588 214.992L214.686 463.894Z\" fill=\"#FE6F20\"\/>\n\t\t\t<\/g>\n\t\t\t<path d=\"M214.404 462.612C166.377 510.639 87.7903 509.946 39.7484 461.905C-8.29344 413.863 -8.98578 335.276 39.0413 287.249L287.943 38.3476C335.97 -9.67956 414.556 -8.98719 462.598 39.0547C510.64 87.0966 511.333 165.683 463.305 213.71L214.404 462.612Z\" stroke=\"#FE6F20\" stroke-width=\"2\"\/>\n\t\t<\/svg>\n\t<\/div>\n\n\t<div class=\"absolute right-[-10rem] bottom-[-7.2rem] md:bottom-[-10.4rem] xl:bottom-[-13.6rem]\">\n\t\t<svg width=\"500\" height=\"500\" viewbox=\"0 0 500 500\" fill=\"none\" xmlns=\"http:\/\/www.w3.org\/2000\/svg\" class=\"size-180 md:size-260 xl:size-340\">\n\t\t\t<mask id=\"mask0_1511_27023\" style=\"mask-type:alpha\" maskunits=\"userSpaceOnUse\" x=\"0\" y=\"0\" width=\"500\" height=\"300\">\n\t\t\t\t<rect width=\"500\" height=\"300\" fill=\"#D9D9D9\"\/>\n\t\t\t<\/mask>\n\t\t\t<g mask=\"url(#mask0_1511_27023)\">\n\t\t\t\t<path d=\"M285.622 36.4146C334.047 -12.0104 413.069 -11.5011 461.494 36.9239C509.919 85.349 510.429 164.371 462.004 212.796L213.102 461.697C164.677 510.122 85.6552 509.613 37.2302 461.188C-11.1948 412.763 -11.7041 333.741 36.7209 285.316L285.622 36.4146Z\" fill=\"#1560DA\"\/>\n\t\t\t<\/g>\n\t\t\t<path d=\"M285.596 37.3883C333.623 -10.6388 412.21 -9.94644 460.252 38.0955C508.293 86.1373 508.986 164.724 460.959 212.751L212.057 461.652C164.03 509.68 85.4436 508.987 37.4017 460.945C-10.6402 412.903 -11.3325 334.317 36.6946 286.29L285.596 37.3883Z\" stroke=\"#1560DA\" stroke-width=\"2\"\/>\n\t\t<\/svg>\n\t<\/div>\n<\/section>\n\n\n<section class=\"section-with-heading-and-text section-margin section-margin--small\">\n\t<div class=\"container\">\n\n\t\t\t\t\t\n\t\t\t\n    <p   class=\"h3  text-blue break-words lg:max-w-[90%] xl:max-w-[98rem]\">\n\n            Politique en mati\u00e8re de bulletin d&#8217;information\n\n    <\/p>\n\n\t\t\n\t\t\t\t\t\t\t\t<div class=\"mt-24 xl:mt-40 xl:ml-100 space-y-24  xl:max-w-[78rem]\"><p>FamiCord Suisse S.A. (&#8220;groupe FamiCord&#8221;), vous a envoy\u00e9 des informations commerciales telles que des bulletins d&#8217;information, des invitations \u00e0 des \u00e9v\u00e9nements, des sessions de formation et des pr\u00e9sentations ou d&#8217;autres informations marketing ou vous vous \u00eates r\u00e9cemment inscrit pour recevoir de telles informations.<\/p>\n<\/div>\n\t\t\n\t<\/div>\n<\/section>\n\n\n<section class=\"section-with-heading-and-text section-margin section-margin--small\">\n\t<div class=\"container\">\n\n\t\t\t\t\t\n\t\t\t\n    <h2   class=\"h4  text-blue break-words lg:max-w-[90%] xl:max-w-[98rem]\">\n\n            1. Quelles sont les donn\u00e9es personnelles que nous recueillons?\n\n    <\/h2>\n\n\t\t\n\t\t\t\t\t\t\t\t<div class=\"mt-24 xl:mt-40 xl:ml-100 space-y-24  xl:max-w-[78rem]\"><p>Les &#8220;donn\u00e9es personnelles&#8221; sont toutes les informations vous concernant ou que le groupe FamiCord peut autrement relier \u00e0 vous. Les donn\u00e9es personnelles que nous recueillons comprennent le titre, votre nom, votre adresse postale, votre adresse \u00e9lectronique, vos num\u00e9ros de t\u00e9l\u00e9phone et de fax, votre domicile, votre langue.<\/p>\n<\/div>\n\t\t\n\t<\/div>\n<\/section>\n\n\n<section class=\"section-with-heading-and-text section-margin section-margin--small\">\n\t<div class=\"container\">\n\n\t\t\t\t\t\n\t\t\t\n    <h2   class=\"h4  text-blue break-words lg:max-w-[90%] xl:max-w-[98rem]\">\n\n            2. Comment collectons-nous vos donn\u00e9es personnelles?\n\n    <\/h2>\n\n\t\t\n\t\t\t\t\t\t\t\t<div class=\"mt-24 xl:mt-40 xl:ml-100 space-y-24  xl:max-w-[78rem]\"><p>Nous recueillons les donn\u00e9es \u00e0 caract\u00e8re personnel que vous nous fournissez volontairement, par exemple (i) lorsque vous communiquez avec nous par courrier \u00e9lectronique ou par d&#8217;autres canaux, (ii) lorsque vous vous inscrivez ou nous demandez de vous envoyer des bulletins d&#8217;information ou d&#8217;autres documents (marketing) et (iii) lorsque vous vous inscrivez \u00e0 un \u00e9v\u00e9nement. Dans certains cas, vos donn\u00e9es \u00e0 caract\u00e8re personnel ont \u00e9t\u00e9 compl\u00e9t\u00e9es par des informations provenant d&#8217;autres sources, notamment des recherches sur des moteurs de recherche accessibles au public, des bulletins d&#8217;information sectoriels, des m\u00e9dias sociaux et le site web de votre employeur, dans le but de confirmer votre position professionnelle actuelle.<\/p>\n<\/div>\n\t\t\n\t<\/div>\n<\/section>\n\n\n<section class=\"section-with-heading-and-text section-margin section-margin--small\">\n\t<div class=\"container\">\n\n\t\t\t\t\t\n\t\t\t\n    <h2   class=\"h4  text-blue break-words lg:max-w-[90%] xl:max-w-[98rem]\">\n\n            3. Comment utilisons-nous vos donn\u00e9es \u00e0 caract\u00e8re personnel?\n\n    <\/h2>\n\n\t\t\n\t\t\t\t\t\t\t\t<div class=\"mt-24 xl:mt-40 xl:ml-100 space-y-24  xl:max-w-[78rem]\"><p>Nous utilisons les donn\u00e9es \u00e0 caract\u00e8re personnel que nous recueillons \u00e0 des fins de communication, notamment (i) pour vous envoyer des bulletins d&#8217;information, des informations sur les produits et services ainsi que d&#8217;autres informations sur le groupe FamiCord ; (ii) pour vous envoyer des invitations \u00e0 des \u00e9v\u00e9nements, des sessions de formation, des conf\u00e9rences et des expos\u00e9s ; et (iii) pour tenir \u00e0 jour notre liste de contacts. Nous ne mettons pas vos donn\u00e9es personnelles \u00e0 la disposition de tiers.<\/p>\n<\/div>\n\t\t\n\t<\/div>\n<\/section>\n\n\n<section class=\"section-with-heading-and-text section-margin section-margin--small\">\n\t<div class=\"container\">\n\n\t\t\t\t\t\n\t\t\t\n    <h2   class=\"h4  text-blue break-words lg:max-w-[90%] xl:max-w-[98rem]\">\n\n            4. Pourquoi traitons-nous vos donn\u00e9es \u00e0 caract\u00e8re personnel et sur quelle base juridique?\n\n    <\/h2>\n\n\t\t\n\t\t\t\t\t\t\t\t<div class=\"mt-24 xl:mt-40 xl:ml-100 space-y-24  xl:max-w-[78rem]\"><p>Comme indiqu\u00e9 ci-dessus, nous procurons d&#8217;utiliser vos donn\u00e9es personnelles \u00e0 des fins de communication. Nous nous appuyons sur nos int\u00e9r\u00eats l\u00e9gitimes pour maintenir des relations commerciales et communiquer avec vous en tant que contact d&#8217;affaires, sur les activit\u00e9s et les \u00e9v\u00e9nements du groupe FamiCord. Nous consid\u00e9rons que nos int\u00e9r\u00eats l\u00e9gitimes sont conformes au r\u00e8glement et \u00e0 vos droits et libert\u00e9s l\u00e9gaux.<\/p>\n<\/div>\n\t\t\n\t<\/div>\n<\/section>\n\n\n<section class=\"section-with-heading-and-text section-margin section-margin--small\">\n\t<div class=\"container\">\n\n\t\t\t\t\t\n\t\t\t\n    <h2   class=\"h4  text-blue break-words lg:max-w-[90%] xl:max-w-[98rem]\">\n\n            5. O\u00f9 sont stock\u00e9es vos donn\u00e9es personnelles?\n\n    <\/h2>\n\n\t\t\n\t\t\t\t\t\t\t\t<div class=\"mt-24 xl:mt-40 xl:ml-100 space-y-24  xl:max-w-[78rem]\"><p>Toutes vos donn\u00e9es personnelles sont trait\u00e9es et stock\u00e9es sur des serveurs en Suisse et dans l&#8217;EEE.<\/p>\n<\/div>\n\t\t\n\t<\/div>\n<\/section>\n\n\n<section class=\"section-with-heading-and-text section-margin section-margin--small\">\n\t<div class=\"container\">\n\n\t\t\t\t\t\n\t\t\t\n    <h2   class=\"h4  text-blue break-words lg:max-w-[90%] xl:max-w-[98rem]\">\n\n            6. Combien de temps conservons-nous vos donn\u00e9es personnelles?\n\n    <\/h2>\n\n\t\t\n\t\t\t\t\t\t\t\t<div class=\"mt-24 xl:mt-40 xl:ml-100 space-y-24  xl:max-w-[78rem]\"><p>Vos donn\u00e9es personnelles sont conserv\u00e9es aux fins sp\u00e9cifi\u00e9es ci-dessus aussi longtemps que vous \u00eates en contact avec nous. Vous pouvez vous d\u00e9sabonner \u00e0 tout moment, si vous ne souhaitez plus recevoir de communications et d&#8217;invitations de la part de FamiCord Group. Si vous choisissez de vous d\u00e9sabonner, nous cesserons de vous envoyer ces communications et invitations comme mentionn\u00e9 ci-dessus.<\/p>\n<\/div>\n\t\t\n\t<\/div>\n<\/section>\n\n\n<section class=\"section-with-heading-and-text section-margin section-margin--small\">\n\t<div class=\"container\">\n\n\t\t\t\t\t\n\t\t\t\n    <h2   class=\"h4  text-blue break-words lg:max-w-[90%] xl:max-w-[98rem]\">\n\n            7. Partage des donn\u00e9es\n\n    <\/h2>\n\n\t\t\n\t\t\t\t\t\t\t\t<div class=\"mt-24 xl:mt-40 xl:ml-100 space-y-24  xl:max-w-[78rem]\"><p>Le groupe FamiCord divulgue vos donn\u00e9es personnelles aux autres entit\u00e9s du groupe FamiCord dans le monde entier.<\/p>\n<\/div>\n\t\t\n\t<\/div>\n<\/section>\n\n\n<section class=\"section-with-heading-and-text section-margin section-margin--small\">\n\t<div class=\"container\">\n\n\t\t\t\t\t\n\t\t\t\n    <h2   class=\"h4  text-blue break-words lg:max-w-[90%] xl:max-w-[98rem]\">\n\n            8. S\u00e9curit\u00e9 des donn\u00e9es\n\n    <\/h2>\n\n\t\t\n\t\t\t\t\t\t\t\t<div class=\"mt-24 xl:mt-40 xl:ml-100 space-y-24  xl:max-w-[78rem]\"><p>Le groupe FamiCord a mis en place des mesures de s\u00e9curit\u00e9 techniques et organisationnelles appropri\u00e9es pour aider \u00e0 prot\u00e9ger vos donn\u00e9es personnelles contre la perte et pour emp\u00eacher l&#8217;acc\u00e8s de personnes non autoris\u00e9es.<\/p>\n<\/div>\n\t\t\n\t<\/div>\n<\/section>\n\n\n<section class=\"section-with-heading-and-text section-margin section-margin--small\">\n\t<div class=\"container\">\n\n\t\t\t\t\t\n\t\t\t\n    <h2   class=\"h4  text-blue break-words lg:max-w-[90%] xl:max-w-[98rem]\">\n\n            9. Vos droits\n\n    <\/h2>\n\n\t\t\n\t\t\t\t\t\t\t\t<div class=\"mt-24 xl:mt-40 xl:ml-100 space-y-24  xl:max-w-[78rem]\"><p>Vous avez le droit de savoir quelles donn\u00e9es \u00e0 caract\u00e8re personnel nous traitons \u00e0 votre sujet et vous pouvez en demander une copie. Vous avez \u00e9galement le droit de faire corriger les donn\u00e9es personnelles incorrectes vous concernant et vous pouvez dans certains cas nous demander de supprimer vos donn\u00e9es personnelles. Vous pouvez \u00e9galement vous opposer au traitement de certaines donn\u00e9es \u00e0 caract\u00e8re personnel vous concernant et demander que le traitement de vos donn\u00e9es \u00e0 caract\u00e8re personnel soit limit\u00e9. Veuillez noter que la limitation ou la suppression de vos donn\u00e9es personnelles peut signifier que nous ne serons pas en mesure de vous fournir les communications et invitations d\u00e9crites ci-dessus. Vous avez \u00e9galement le droit de recevoir vos donn\u00e9es personnelles dans un format lisible par machine et de les faire transf\u00e9rer \u00e0 une autre partie responsable du traitement des donn\u00e9es. Si vous n&#8217;\u00eates pas d&#8217;accord avec la mani\u00e8re dont nous traitons vos donn\u00e9es personnelles, vous avez \u00e9galement le droit de le signaler au Pr\u00e9pos\u00e9 f\u00e9d\u00e9ral \u00e0 la protection des donn\u00e9es et \u00e0 la transparence (PFPDT) et\/ou aux autorit\u00e9s de surveillance comp\u00e9tentes de l&#8217;UE et d&#8217;autres pays (le cas \u00e9ch\u00e9ant).<\/p>\n<\/div>\n\t\t\n\t<\/div>\n<\/section>\n\n\n<section class=\"section-with-heading-and-text section-margin section-margin--small\">\n\t<div class=\"container\">\n\n\t\t\t\t\t\n\t\t\t\n    <h2   class=\"h4  text-blue break-words lg:max-w-[90%] xl:max-w-[98rem]\">\n\n            10. Comment nous contacter\n\n    <\/h2>\n\n\t\t\n\t\t\t\t\t\t\t\t<div class=\"mt-24 xl:mt-40 xl:ml-100 space-y-24  xl:max-w-[78rem]\"><p>Si vous avez des questions sur la mani\u00e8re dont nous traitons vos donn\u00e9es personnelles, n&#8217;h\u00e9sitez pas \u00e0 nous contacter \u00e0 l&#8217;adresse <a href=\"mailto:dpo@famicord.ch\">dpo@famicord.ch<\/a>.<\/p>\n<\/div>\n\t\t\n\t<\/div>\n<\/section>\n","protected":false},"excerpt":{"rendered":"","protected":false},"author":1,"featured_media":0,"parent":0,"menu_order":0,"comment_status":"closed","ping_status":"closed","template":"","meta":{"_acf_changed":false,"inline_featured_image":false,"editor_plus_copied_stylings":"{}","footnotes":""},"class_list":["post-4125","page","type-page","status-publish","hentry"],"acf":[],"yoast_head":"<!-- This site is optimized with the Yoast SEO plugin v27.2 - https:\/\/yoast.com\/product\/yoast-seo-wordpress\/ -->\n<title>FamiCord Suisse | Directives de la newsletter<\/title>\n<meta name=\"description\" content=\"Lisez nos directives de newsletter : comment nous collectons, traitons et prot\u00e9geons vos donn\u00e9es \u2013 pour plus de transparence et de confiance.\" \/>\n<meta name=\"robots\" content=\"index, follow, max-snippet:-1, max-image-preview:large, max-video-preview:-1\" \/>\n<link rel=\"canonical\" href=\"https:\/\/famicord.lu\/fr\/newsletter-richtlinien\" \/>\n<meta property=\"og:locale\" content=\"fr_FR\" \/>\n<meta property=\"og:type\" content=\"article\" \/>\n<meta property=\"og:title\" content=\"FamiCord Suisse | Directives de la newsletter\" \/>\n<meta property=\"og:description\" content=\"Lisez nos directives de newsletter : comment nous collectons, traitons et prot\u00e9geons vos donn\u00e9es \u2013 pour plus de transparence et de confiance.\" \/>\n<meta property=\"og:url\" content=\"https:\/\/famicord.lu\/fr\/newsletter-richtlinien\" \/>\n<meta property=\"og:site_name\" content=\"Famicord Suisse\" \/>\n<meta property=\"article:modified_time\" content=\"2025-11-27T11:02:35+00:00\" \/>\n<meta name=\"twitter:card\" content=\"summary_large_image\" \/>\n<script type=\"application\/ld+json\" class=\"yoast-schema-graph\">{\"@context\":\"https:\/\/schema.org\",\"@graph\":[{\"@type\":\"WebPage\",\"@id\":\"https:\/\/famicord.lu\/fr\/newsletter-richtlinien\",\"url\":\"https:\/\/famicord.lu\/fr\/newsletter-richtlinien\",\"name\":\"FamiCord Suisse | Directives de la newsletter\",\"isPartOf\":{\"@id\":\"https:\/\/famicord.lu\/fr#website\"},\"datePublished\":\"2024-07-16T12:50:45+00:00\",\"dateModified\":\"2025-11-27T11:02:35+00:00\",\"description\":\"Lisez nos directives de newsletter : comment nous collectons, traitons et prot\u00e9geons vos donn\u00e9es \u2013 pour plus de transparence et de confiance.\",\"breadcrumb\":{\"@id\":\"https:\/\/famicord.lu\/fr\/newsletter-richtlinien#breadcrumb\"},\"inLanguage\":\"fr-LU\",\"potentialAction\":[{\"@type\":\"ReadAction\",\"target\":[\"https:\/\/famicord.lu\/fr\/newsletter-richtlinien\"]}]},{\"@type\":\"BreadcrumbList\",\"@id\":\"https:\/\/famicord.lu\/fr\/newsletter-richtlinien#breadcrumb\",\"itemListElement\":[{\"@type\":\"ListItem\",\"position\":1,\"name\":\"Home\",\"item\":\"https:\/\/famicord.lu\/fr\"},{\"@type\":\"ListItem\",\"position\":2,\"name\":\"Politique en mati\u00e8re de bulletin d&#8217;information\"}]},{\"@type\":\"WebSite\",\"@id\":\"https:\/\/famicord.lu\/fr#website\",\"url\":\"https:\/\/famicord.lu\/fr\",\"name\":\"FamiCord Suisse\",\"description\":\"\",\"potentialAction\":[{\"@type\":\"SearchAction\",\"target\":{\"@type\":\"EntryPoint\",\"urlTemplate\":\"https:\/\/famicord.lu\/fr?s={search_term_string}\"},\"query-input\":{\"@type\":\"PropertyValueSpecification\",\"valueRequired\":true,\"valueName\":\"search_term_string\"}}],\"inLanguage\":\"fr-LU\"}]}<\/script>\n<!-- \/ Yoast SEO plugin. -->","yoast_head_json":{"title":"FamiCord Suisse | Directives de la newsletter","description":"Lisez nos directives de newsletter : comment nous collectons, traitons et prot\u00e9geons vos donn\u00e9es \u2013 pour plus de transparence et de confiance.","robots":{"index":"index","follow":"follow","max-snippet":"max-snippet:-1","max-image-preview":"max-image-preview:large","max-video-preview":"max-video-preview:-1"},"canonical":"https:\/\/famicord.lu\/fr\/newsletter-richtlinien","og_locale":"fr_FR","og_type":"article","og_title":"FamiCord Suisse | Directives de la newsletter","og_description":"Lisez nos directives de newsletter : comment nous collectons, traitons et prot\u00e9geons vos donn\u00e9es \u2013 pour plus de transparence et de confiance.","og_url":"https:\/\/famicord.lu\/fr\/newsletter-richtlinien","og_site_name":"Famicord Suisse","article_modified_time":"2025-11-27T11:02:35+00:00","twitter_card":"summary_large_image","schema":{"@context":"https:\/\/schema.org","@graph":[{"@type":"WebPage","@id":"https:\/\/famicord.lu\/fr\/newsletter-richtlinien","url":"https:\/\/famicord.lu\/fr\/newsletter-richtlinien","name":"FamiCord Suisse | Directives de la newsletter","isPartOf":{"@id":"https:\/\/famicord.lu\/fr#website"},"datePublished":"2024-07-16T12:50:45+00:00","dateModified":"2025-11-27T11:02:35+00:00","description":"Lisez nos directives de newsletter : comment nous collectons, traitons et prot\u00e9geons vos donn\u00e9es \u2013 pour plus de transparence et de confiance.","breadcrumb":{"@id":"https:\/\/famicord.lu\/fr\/newsletter-richtlinien#breadcrumb"},"inLanguage":"fr-LU","potentialAction":[{"@type":"ReadAction","target":["https:\/\/famicord.lu\/fr\/newsletter-richtlinien"]}]},{"@type":"BreadcrumbList","@id":"https:\/\/famicord.lu\/fr\/newsletter-richtlinien#breadcrumb","itemListElement":[{"@type":"ListItem","position":1,"name":"Home","item":"https:\/\/famicord.lu\/fr"},{"@type":"ListItem","position":2,"name":"Politique en mati\u00e8re de bulletin d&#8217;information"}]},{"@type":"WebSite","@id":"https:\/\/famicord.lu\/fr#website","url":"https:\/\/famicord.lu\/fr","name":"FamiCord Suisse","description":"","potentialAction":[{"@type":"SearchAction","target":{"@type":"EntryPoint","urlTemplate":"https:\/\/famicord.lu\/fr?s={search_term_string}"},"query-input":{"@type":"PropertyValueSpecification","valueRequired":true,"valueName":"search_term_string"}}],"inLanguage":"fr-LU"}]}},"_links":{"self":[{"href":"https:\/\/famicord.lu\/fr\/wp-json\/wp\/v2\/pages\/4125","targetHints":{"allow":["GET"]}}],"collection":[{"href":"https:\/\/famicord.lu\/fr\/wp-json\/wp\/v2\/pages"}],"about":[{"href":"https:\/\/famicord.lu\/fr\/wp-json\/wp\/v2\/types\/page"}],"author":[{"embeddable":true,"href":"https:\/\/famicord.lu\/fr\/wp-json\/wp\/v2\/users\/1"}],"replies":[{"embeddable":true,"href":"https:\/\/famicord.lu\/fr\/wp-json\/wp\/v2\/comments?post=4125"}],"version-history":[{"count":3,"href":"https:\/\/famicord.lu\/fr\/wp-json\/wp\/v2\/pages\/4125\/revisions"}],"predecessor-version":[{"id":8871,"href":"https:\/\/famicord.lu\/fr\/wp-json\/wp\/v2\/pages\/4125\/revisions\/8871"}],"wp:attachment":[{"href":"https:\/\/famicord.lu\/fr\/wp-json\/wp\/v2\/media?parent=4125"}],"curies":[{"name":"wp","href":"https:\/\/api.w.org\/{rel}","templated":true}]}}