{"id":3851,"date":"2024-07-17T10:44:26","date_gmt":"2024-07-17T08:44:26","guid":{"rendered":"https:\/\/wordpress-famicord-ch.empressia.dev\/nos-clients\/unsere-transplantationen"},"modified":"2025-11-25T16:41:48","modified_gmt":"2025-11-25T15:41:48","slug":"nos-transplantations","status":"publish","type":"page","link":"https:\/\/famicord.lu\/fr\/nos-clients\/nos-transplantations","title":{"rendered":"Liste des patients trait\u00e9s"},"content":{"rendered":"\n<section class=\"hero flex flex-col justify-center bg-center bg-cover bg-no-repeat py-32 lg:py-48 mb-72 xl:mb-120 relative min-h-[20.5rem] xl:min-h-[26rem]\" style=\"background-image: url(https:\/\/famicord.lu\/wp-content\/uploads\/2024\/07\/default-hero-bg.webp)\">\n\t<div class=\"container items-center\">\n\t\t<h1 class=\"text-center text-blue max-w-[90%] md:max-w-[60%] lg:max-w-[80%] xxl:max-w-1200 mx-auto\">\n\t\t\t\t\t\t\t<span class=\"font-normal break-words\">Liste des patients<\/span>\n\t\t\t\n\t\t\t\t\t\t\t<br\/>\n\t\t\t\n\t\t\t\t\t\t\t<span class=\"font-extralight break-words\">trait\u00e9s<\/span>\n\t\t\t\t\t<\/h1>\n\t<\/div>\n\n\t<div class=\"absolute left-[-14rem] bottom-[-10.8rem] md:bottom-[-15.8rem] xl:bottom-[-20.3rem]\">\n\t\t<svg width=\"500\" height=\"500\" viewbox=\"0 0 500 500\" fill=\"none\" xmlns=\"http:\/\/www.w3.org\/2000\/svg\" class=\"size-180 md:size-260 xl:size-340\">\n\t\t\t<mask id=\"mask0_1511_27028\" style=\"mask-type:alpha\" maskunits=\"userSpaceOnUse\" x=\"0\" y=\"0\" width=\"500\" height=\"200\">\n\t\t\t\t<rect width=\"500\" height=\"200\" transform=\"matrix(-1 0 0 1 500 0)\" fill=\"#D9D9D9\"\/>\n\t\t\t<\/mask>\n\t\t\t<g mask=\"url(#mask0_1511_27028)\">\n\t\t\t\t<path d=\"M214.686 463.894C166.261 512.319 87.156 511.726 38.731 463.301C-9.69398 414.876 -10.2866 335.771 38.1384 287.346L287.04 38.4443C335.465 -9.98075 414.57 -9.3881 462.995 39.0369C511.42 87.4619 512.013 166.567 463.588 214.992L214.686 463.894Z\" fill=\"#FE6F20\"\/>\n\t\t\t<\/g>\n\t\t\t<path d=\"M214.404 462.612C166.377 510.639 87.7903 509.946 39.7484 461.905C-8.29344 413.863 -8.98578 335.276 39.0413 287.249L287.943 38.3476C335.97 -9.67956 414.556 -8.98719 462.598 39.0547C510.64 87.0966 511.333 165.683 463.305 213.71L214.404 462.612Z\" stroke=\"#FE6F20\" stroke-width=\"2\"\/>\n\t\t<\/svg>\n\t<\/div>\n\n\t<div class=\"absolute right-[-10rem] bottom-[-7.2rem] md:bottom-[-10.4rem] xl:bottom-[-13.6rem]\">\n\t\t<svg width=\"500\" height=\"500\" viewbox=\"0 0 500 500\" fill=\"none\" xmlns=\"http:\/\/www.w3.org\/2000\/svg\" class=\"size-180 md:size-260 xl:size-340\">\n\t\t\t<mask id=\"mask0_1511_27023\" style=\"mask-type:alpha\" maskunits=\"userSpaceOnUse\" x=\"0\" y=\"0\" width=\"500\" height=\"300\">\n\t\t\t\t<rect width=\"500\" height=\"300\" fill=\"#D9D9D9\"\/>\n\t\t\t<\/mask>\n\t\t\t<g mask=\"url(#mask0_1511_27023)\">\n\t\t\t\t<path d=\"M285.622 36.4146C334.047 -12.0104 413.069 -11.5011 461.494 36.9239C509.919 85.349 510.429 164.371 462.004 212.796L213.102 461.697C164.677 510.122 85.6552 509.613 37.2302 461.188C-11.1948 412.763 -11.7041 333.741 36.7209 285.316L285.622 36.4146Z\" fill=\"#1560DA\"\/>\n\t\t\t<\/g>\n\t\t\t<path d=\"M285.596 37.3883C333.623 -10.6388 412.21 -9.94644 460.252 38.0955C508.293 86.1373 508.986 164.724 460.959 212.751L212.057 461.652C164.03 509.68 85.4436 508.987 37.4017 460.945C-10.6402 412.903 -11.3325 334.317 36.6946 286.29L285.596 37.3883Z\" stroke=\"#1560DA\" stroke-width=\"2\"\/>\n\t\t<\/svg>\n\t<\/div>\n<\/section>\n\n\n<section class=\"patients-table\"\n  data-csv-file-url=\"\">\n      <div class=\"container\">\n      <header class=\"bg-blue rounded-16 p-16 xl:py-24 lg:px-32 text-white text-center xl:mb-32\">\n        \n    <h2   class=\"h5 \">\n\n            Liste des utilisations des cellules souches approuv\u00e9es par les laboratoires du groupe Famicord:\n\n    <\/h2>\n\n      <\/header>\n    <\/div>\n  \n  <div class=\"container container--with-no-right-margin patients-table-container\">\n    <div class=\"relative\">\n      \n\t\n\t\t\n\t\t\t\n\t<figure class=\"overflow-hidden xl:hidden absolute top-14 right-0 z-10 animate-scroll-hint\">\n\n\t\t\n\t\t\t\t\t\t<img decoding=\"async\" src=\"https:\/\/famicord.lu\/wp-content\/themes\/starter-empressia\/dist\/images\/icons\/accessibility\/touch-screen.webp\" alt=\"Obraz\"  loading=\"lazy\"  width=\"90\" height=\"90\"\/>\n\n\t\t\n\t<\/figure>\n\n\n\t\t\n\t\n      <div id=\"patients-table\" class=\"patients-table__table\"><\/div>\n    <\/div>\n  <\/div>\n<\/section>\n","protected":false},"excerpt":{"rendered":"","protected":false},"author":1,"featured_media":0,"parent":3829,"menu_order":0,"comment_status":"closed","ping_status":"closed","template":"","meta":{"_acf_changed":false,"inline_featured_image":false,"editor_plus_copied_stylings":"{}","footnotes":""},"class_list":["post-3851","page","type-page","status-publish","hentry"],"acf":[],"yoast_head":"<!-- This site is optimized with the Yoast SEO plugin v27.3 - https:\/\/yoast.com\/product\/yoast-seo-wordpress\/ -->\n<title>Transplantations salvatrices | Exp\u00e9riences FamiCord Suisse<\/title>\n<meta name=\"description\" content=\"Transplantations de cellules souches qui sauvent des vies avec FamiCord : cas r\u00e9els, taux de r\u00e9ussite et th\u00e9rapies document\u00e9es.\" \/>\n<meta name=\"robots\" content=\"index, follow, max-snippet:-1, max-image-preview:large, max-video-preview:-1\" \/>\n<link rel=\"canonical\" href=\"https:\/\/famicord.lu\/fr\/nos-clients\/nos-transplantations\" \/>\n<meta property=\"og:locale\" content=\"fr_FR\" \/>\n<meta property=\"og:type\" content=\"article\" \/>\n<meta property=\"og:title\" content=\"Transplantations salvatrices | Exp\u00e9riences FamiCord Suisse\" \/>\n<meta property=\"og:description\" content=\"Transplantations de cellules souches qui sauvent des vies avec FamiCord : cas r\u00e9els, taux de r\u00e9ussite et th\u00e9rapies document\u00e9es.\" \/>\n<meta property=\"og:url\" content=\"https:\/\/famicord.lu\/fr\/nos-clients\/nos-transplantations\" \/>\n<meta property=\"og:site_name\" content=\"Famicord Suisse\" \/>\n<meta property=\"article:modified_time\" content=\"2025-11-25T15:41:48+00:00\" \/>\n<meta name=\"twitter:card\" content=\"summary_large_image\" \/>\n<script type=\"application\/ld+json\" class=\"yoast-schema-graph\">{\"@context\":\"https:\\\/\\\/schema.org\",\"@graph\":[{\"@type\":\"WebPage\",\"@id\":\"https:\\\/\\\/famicord.lu\\\/fr\\\/nos-clients\\\/nos-transplantations\",\"url\":\"https:\\\/\\\/famicord.lu\\\/fr\\\/nos-clients\\\/nos-transplantations\",\"name\":\"Transplantations salvatrices | Exp\u00e9riences FamiCord Suisse\",\"isPartOf\":{\"@id\":\"https:\\\/\\\/famicord.lu\\\/fr#website\"},\"datePublished\":\"2024-07-17T08:44:26+00:00\",\"dateModified\":\"2025-11-25T15:41:48+00:00\",\"description\":\"Transplantations de cellules souches qui sauvent des vies avec FamiCord : cas r\u00e9els, taux de r\u00e9ussite et th\u00e9rapies document\u00e9es.\",\"breadcrumb\":{\"@id\":\"https:\\\/\\\/famicord.lu\\\/fr\\\/nos-clients\\\/nos-transplantations#breadcrumb\"},\"inLanguage\":\"fr-LU\",\"potentialAction\":[{\"@type\":\"ReadAction\",\"target\":[\"https:\\\/\\\/famicord.lu\\\/fr\\\/nos-clients\\\/nos-transplantations\"]}]},{\"@type\":\"BreadcrumbList\",\"@id\":\"https:\\\/\\\/famicord.lu\\\/fr\\\/nos-clients\\\/nos-transplantations#breadcrumb\",\"itemListElement\":[{\"@type\":\"ListItem\",\"position\":1,\"name\":\"Home\",\"item\":\"https:\\\/\\\/famicord.lu\\\/fr\"},{\"@type\":\"ListItem\",\"position\":2,\"name\":\"Histoires de nos patients\",\"item\":\"https:\\\/\\\/famicord.lu\\\/fr\\\/nos-clients\"},{\"@type\":\"ListItem\",\"position\":3,\"name\":\"Liste des patients trait\u00e9s\"}]},{\"@type\":\"WebSite\",\"@id\":\"https:\\\/\\\/famicord.lu\\\/fr#website\",\"url\":\"https:\\\/\\\/famicord.lu\\\/fr\",\"name\":\"FamiCord Suisse\",\"description\":\"\",\"potentialAction\":[{\"@type\":\"SearchAction\",\"target\":{\"@type\":\"EntryPoint\",\"urlTemplate\":\"https:\\\/\\\/famicord.lu\\\/fr?s={search_term_string}\"},\"query-input\":{\"@type\":\"PropertyValueSpecification\",\"valueRequired\":true,\"valueName\":\"search_term_string\"}}],\"inLanguage\":\"fr-LU\"}]}<\/script>\n<!-- \/ Yoast SEO plugin. -->","yoast_head_json":{"title":"Transplantations salvatrices | Exp\u00e9riences FamiCord Suisse","description":"Transplantations de cellules souches qui sauvent des vies avec FamiCord : cas r\u00e9els, taux de r\u00e9ussite et th\u00e9rapies document\u00e9es.","robots":{"index":"index","follow":"follow","max-snippet":"max-snippet:-1","max-image-preview":"max-image-preview:large","max-video-preview":"max-video-preview:-1"},"canonical":"https:\/\/famicord.lu\/fr\/nos-clients\/nos-transplantations","og_locale":"fr_FR","og_type":"article","og_title":"Transplantations salvatrices | Exp\u00e9riences FamiCord Suisse","og_description":"Transplantations de cellules souches qui sauvent des vies avec FamiCord : cas r\u00e9els, taux de r\u00e9ussite et th\u00e9rapies document\u00e9es.","og_url":"https:\/\/famicord.lu\/fr\/nos-clients\/nos-transplantations","og_site_name":"Famicord Suisse","article_modified_time":"2025-11-25T15:41:48+00:00","twitter_card":"summary_large_image","schema":{"@context":"https:\/\/schema.org","@graph":[{"@type":"WebPage","@id":"https:\/\/famicord.lu\/fr\/nos-clients\/nos-transplantations","url":"https:\/\/famicord.lu\/fr\/nos-clients\/nos-transplantations","name":"Transplantations salvatrices | Exp\u00e9riences FamiCord Suisse","isPartOf":{"@id":"https:\/\/famicord.lu\/fr#website"},"datePublished":"2024-07-17T08:44:26+00:00","dateModified":"2025-11-25T15:41:48+00:00","description":"Transplantations de cellules souches qui sauvent des vies avec FamiCord : cas r\u00e9els, taux de r\u00e9ussite et th\u00e9rapies document\u00e9es.","breadcrumb":{"@id":"https:\/\/famicord.lu\/fr\/nos-clients\/nos-transplantations#breadcrumb"},"inLanguage":"fr-LU","potentialAction":[{"@type":"ReadAction","target":["https:\/\/famicord.lu\/fr\/nos-clients\/nos-transplantations"]}]},{"@type":"BreadcrumbList","@id":"https:\/\/famicord.lu\/fr\/nos-clients\/nos-transplantations#breadcrumb","itemListElement":[{"@type":"ListItem","position":1,"name":"Home","item":"https:\/\/famicord.lu\/fr"},{"@type":"ListItem","position":2,"name":"Histoires de nos patients","item":"https:\/\/famicord.lu\/fr\/nos-clients"},{"@type":"ListItem","position":3,"name":"Liste des patients trait\u00e9s"}]},{"@type":"WebSite","@id":"https:\/\/famicord.lu\/fr#website","url":"https:\/\/famicord.lu\/fr","name":"FamiCord Suisse","description":"","potentialAction":[{"@type":"SearchAction","target":{"@type":"EntryPoint","urlTemplate":"https:\/\/famicord.lu\/fr?s={search_term_string}"},"query-input":{"@type":"PropertyValueSpecification","valueRequired":true,"valueName":"search_term_string"}}],"inLanguage":"fr-LU"}]}},"_links":{"self":[{"href":"https:\/\/famicord.lu\/fr\/wp-json\/wp\/v2\/pages\/3851","targetHints":{"allow":["GET"]}}],"collection":[{"href":"https:\/\/famicord.lu\/fr\/wp-json\/wp\/v2\/pages"}],"about":[{"href":"https:\/\/famicord.lu\/fr\/wp-json\/wp\/v2\/types\/page"}],"author":[{"embeddable":true,"href":"https:\/\/famicord.lu\/fr\/wp-json\/wp\/v2\/users\/1"}],"replies":[{"embeddable":true,"href":"https:\/\/famicord.lu\/fr\/wp-json\/wp\/v2\/comments?post=3851"}],"version-history":[{"count":2,"href":"https:\/\/famicord.lu\/fr\/wp-json\/wp\/v2\/pages\/3851\/revisions"}],"predecessor-version":[{"id":3861,"href":"https:\/\/famicord.lu\/fr\/wp-json\/wp\/v2\/pages\/3851\/revisions\/3861"}],"up":[{"embeddable":true,"href":"https:\/\/famicord.lu\/fr\/wp-json\/wp\/v2\/pages\/3829"}],"wp:attachment":[{"href":"https:\/\/famicord.lu\/fr\/wp-json\/wp\/v2\/media?parent=3851"}],"curies":[{"name":"wp","href":"https:\/\/api.w.org\/{rel}","templated":true}]}}