{"id":3728,"date":"2024-07-17T10:41:29","date_gmt":"2024-07-17T08:41:29","guid":{"rendered":"https:\/\/wordpress-famicord-ch.empressia.dev\/zusaetzliche-leistungen"},"modified":"2025-11-24T15:55:05","modified_gmt":"2025-11-24T14:55:05","slug":"zusaetzliche-leistungen","status":"publish","type":"page","link":"https:\/\/famicord.lu\/fr\/offre\/zusaetzliche-leistungen","title":{"rendered":"Services suppl\u00e9mentaires"},"content":{"rendered":"\n<section class=\"hero flex flex-col justify-center bg-center bg-cover bg-no-repeat py-32 lg:py-48 mb-72 xl:mb-120 relative min-h-[20.5rem] xl:min-h-[26rem]\" style=\"background-image: url(https:\/\/famicord.lu\/wp-content\/uploads\/2024\/07\/default-hero-bg.webp)\">\n\t<div class=\"container items-center\">\n\t\t<h1 class=\"text-center text-blue max-w-[90%] md:max-w-[60%] lg:max-w-[80%] xxl:max-w-1200 mx-auto\">\n\t\t\t\t\t\t\t<span class=\"font-normal break-words\">Services<\/span>\n\t\t\t\n\t\t\t\t\t\t\t<br\/>\n\t\t\t\n\t\t\t\t\t\t\t<span class=\"font-extralight break-words\">suppl\u00e9mentaires<\/span>\n\t\t\t\t\t<\/h1>\n\t<\/div>\n\n\t<div class=\"absolute left-[-14rem] bottom-[-10.8rem] md:bottom-[-15.8rem] xl:bottom-[-20.3rem]\">\n\t\t<svg width=\"500\" height=\"500\" viewbox=\"0 0 500 500\" fill=\"none\" xmlns=\"http:\/\/www.w3.org\/2000\/svg\" class=\"size-180 md:size-260 xl:size-340\">\n\t\t\t<mask id=\"mask0_1511_27028\" style=\"mask-type:alpha\" maskunits=\"userSpaceOnUse\" x=\"0\" y=\"0\" width=\"500\" height=\"200\">\n\t\t\t\t<rect width=\"500\" height=\"200\" transform=\"matrix(-1 0 0 1 500 0)\" fill=\"#D9D9D9\"\/>\n\t\t\t<\/mask>\n\t\t\t<g mask=\"url(#mask0_1511_27028)\">\n\t\t\t\t<path d=\"M214.686 463.894C166.261 512.319 87.156 511.726 38.731 463.301C-9.69398 414.876 -10.2866 335.771 38.1384 287.346L287.04 38.4443C335.465 -9.98075 414.57 -9.3881 462.995 39.0369C511.42 87.4619 512.013 166.567 463.588 214.992L214.686 463.894Z\" fill=\"#FE6F20\"\/>\n\t\t\t<\/g>\n\t\t\t<path d=\"M214.404 462.612C166.377 510.639 87.7903 509.946 39.7484 461.905C-8.29344 413.863 -8.98578 335.276 39.0413 287.249L287.943 38.3476C335.97 -9.67956 414.556 -8.98719 462.598 39.0547C510.64 87.0966 511.333 165.683 463.305 213.71L214.404 462.612Z\" stroke=\"#FE6F20\" stroke-width=\"2\"\/>\n\t\t<\/svg>\n\t<\/div>\n\n\t<div class=\"absolute right-[-10rem] bottom-[-7.2rem] md:bottom-[-10.4rem] xl:bottom-[-13.6rem]\">\n\t\t<svg width=\"500\" height=\"500\" viewbox=\"0 0 500 500\" fill=\"none\" xmlns=\"http:\/\/www.w3.org\/2000\/svg\" class=\"size-180 md:size-260 xl:size-340\">\n\t\t\t<mask id=\"mask0_1511_27023\" style=\"mask-type:alpha\" maskunits=\"userSpaceOnUse\" x=\"0\" y=\"0\" width=\"500\" height=\"300\">\n\t\t\t\t<rect width=\"500\" height=\"300\" fill=\"#D9D9D9\"\/>\n\t\t\t<\/mask>\n\t\t\t<g mask=\"url(#mask0_1511_27023)\">\n\t\t\t\t<path d=\"M285.622 36.4146C334.047 -12.0104 413.069 -11.5011 461.494 36.9239C509.919 85.349 510.429 164.371 462.004 212.796L213.102 461.697C164.677 510.122 85.6552 509.613 37.2302 461.188C-11.1948 412.763 -11.7041 333.741 36.7209 285.316L285.622 36.4146Z\" fill=\"#1560DA\"\/>\n\t\t\t<\/g>\n\t\t\t<path d=\"M285.596 37.3883C333.623 -10.6388 412.21 -9.94644 460.252 38.0955C508.293 86.1373 508.986 164.724 460.959 212.751L212.057 461.652C164.03 509.68 85.4436 508.987 37.4017 460.945C-10.6402 412.903 -11.3325 334.317 36.6946 286.29L285.596 37.3883Z\" stroke=\"#1560DA\" stroke-width=\"2\"\/>\n\t\t<\/svg>\n\t<\/div>\n<\/section>\n\n\n<section class=\"section-with-heading-and-text section-margin section-margin--small\">\n\t<div class=\"container\">\n\n\t\t\t\t\t\n\t\t\t\n    <h2   class=\"  text-blue break-words lg:max-w-[90%] xl:max-w-[98rem]\">\n\n            Celavaut la peine d&#8217;\u00eatre pris en compte lors du stockage des cellules souches \u00e0 la naissance!\n\n    <\/h2>\n\n\t\t\n\t\t\t\t\t\t\t\t<div class=\"mt-24 xl:mt-40 xl:ml-100 space-y-24 lead-paragraph xl:max-w-[78rem]\"><p>Il est important pour nous d&#8217;offrir quelque chose de sp\u00e9cial \u00e0 nos pr\u00e9cieux clients. C&#8217;est pourquoi nous sommes heureux de vous proposer des avantages exclusifs afin de rendre votre exp\u00e9rience avec nous encore plus agr\u00e9able. Plongez et d\u00e9couvrez les offres sp\u00e9ciales que nous vous r\u00e9servons pour r\u00e9pondre au mieux \u00e0 vos besoins.<\/p>\n<\/div>\n\t\t\n\t<\/div>\n<\/section>\n\n\n  \n  \n  <section class=\"link-tiles-grid section-margin container relative\"\n    aria-labelledby=\"link-tiles-grid-73\">\n    \n    <ul class=\"grid grid-cols-1 gap-20 sm:gap-x-20 sm:gap-y-32 sm:grid-cols-2 lg:grid-cols-3\">\n              <li>\n          \n    <a href=\"\/fr\/jumeaux\" target=\"\" class=\"relative flex items-end h-218 px-32 py-24 rounded-16 rounded-tl-none overflow-hidden before:content-[''] before:absolute before:inset-0 before:z-1 before:pointer-events-none before:bg-blue-gradient-secondary no-underline group hover:no-underline text-white focus:text-white\">\n\n        \n            \n\t\n\t\t\n\t\t\t\n\t<figure class=\"overflow-hidden absolute inset-0 group-hover:[&#038;_img]:scale-105 group-focus:[&#038;_img]:scale-105 [&#038;_img]:transition-transform [&#038;_img]:duration-300 [&#038;_img]:ease-in-out\">\n\n\t\t\n\t\t\t\t\t\t\t\t\t\t\t\t\n\t\t\t\t\t\t\t\t\t\t\n\t\t\t<img decoding=\"async\" src=\"https:\/\/famicord.lu\/wp-content\/uploads\/2024\/07\/two-newbord-baby-feet.webp\" srcset=\"https:\/\/famicord.lu\/wp-content\/uploads\/2024\/07\/two-newbord-baby-feet.webp 800w, https:\/\/famicord.lu\/wp-content\/uploads\/2024\/07\/two-newbord-baby-feet-300x169.webp 300w, https:\/\/famicord.lu\/wp-content\/uploads\/2024\/07\/two-newbord-baby-feet-768x432.webp 768w, https:\/\/famicord.lu\/wp-content\/uploads\/2024\/07\/two-newbord-baby-feet-500x281.webp 500w\" sizes=\"(max-width: 800px) 100vw, 800px\" alt=\"two-newbord-baby-feet\" class=\"h-full w-full object-cover\" width=\"800\" height=\"450\"  loading=\"lazy\" \/>\n\n\t\t\n\t<\/figure>\n\n\n\t\t\n\t\n\n        \n        <p class=\"paragraph--m relative z-10 font-medium text-white group-hover:translate-x-10 group-focus:translate-x-10 transition-transform duration-300 ease-in-out\">Jumeaux<\/p>\n\n    <\/a>\n\n        <\/li>\n              <li>\n          \n    <a href=\"\/fr\/ancien-client\" target=\"\" class=\"relative flex items-end h-218 px-32 py-24 rounded-16 rounded-tl-none overflow-hidden before:content-[''] before:absolute before:inset-0 before:z-1 before:pointer-events-none before:bg-blue-gradient-secondary no-underline group hover:no-underline text-white focus:text-white\">\n\n        \n            \n\t\n\t\t\n\t\t\t\n\t<figure class=\"overflow-hidden absolute inset-0 group-hover:[&#038;_img]:scale-105 group-focus:[&#038;_img]:scale-105 [&#038;_img]:transition-transform [&#038;_img]:duration-300 [&#038;_img]:ease-in-out\">\n\n\t\t\n\t\t\t\t\t\t\t\t\t\t\t\t\n\t\t\t\t\t\t\t\t\t\t\n\t\t\t<img decoding=\"async\" src=\"https:\/\/famicord.lu\/wp-content\/uploads\/2024\/07\/family-holding-and-kissing-baby.webp\" srcset=\"https:\/\/famicord.lu\/wp-content\/uploads\/2024\/07\/family-holding-and-kissing-baby.webp 800w, https:\/\/famicord.lu\/wp-content\/uploads\/2024\/07\/family-holding-and-kissing-baby-300x200.webp 300w, https:\/\/famicord.lu\/wp-content\/uploads\/2024\/07\/family-holding-and-kissing-baby-768x512.webp 768w, https:\/\/famicord.lu\/wp-content\/uploads\/2024\/07\/family-holding-and-kissing-baby-500x333.webp 500w\" sizes=\"(max-width: 800px) 100vw, 800px\" alt=\"family-holding-and-kissing-baby\" class=\"h-full w-full object-cover\" width=\"800\" height=\"533\"  loading=\"lazy\" \/>\n\n\t\t\n\t<\/figure>\n\n\n\t\t\n\t\n\n        \n        <p class=\"paragraph--m relative z-10 font-medium text-white group-hover:translate-x-10 group-focus:translate-x-10 transition-transform duration-300 ease-in-out\">Ancien Client<\/p>\n\n    <\/a>\n\n        <\/li>\n              <li>\n          \n    <a href=\"\/fr\/recommandation\" target=\"\" class=\"relative flex items-end h-218 px-32 py-24 rounded-16 rounded-tl-none overflow-hidden before:content-[''] before:absolute before:inset-0 before:z-1 before:pointer-events-none before:bg-blue-gradient-secondary no-underline group hover:no-underline text-white focus:text-white\">\n\n        \n            \n\t\n\t\t\n\t\t\t\n\t<figure class=\"overflow-hidden absolute inset-0 group-hover:[&#038;_img]:scale-105 group-focus:[&#038;_img]:scale-105 [&#038;_img]:transition-transform [&#038;_img]:duration-300 [&#038;_img]:ease-in-out\">\n\n\t\t\n\t\t\t\t\t\t\t\t\t\t\t\t\n\t\t\t\t\t\t\t\t\t\t\n\t\t\t<img decoding=\"async\" src=\"https:\/\/famicord.lu\/wp-content\/uploads\/2024\/07\/woman-standing-next-to-blue-white-pink-balloons.webp\" srcset=\"https:\/\/famicord.lu\/wp-content\/uploads\/2024\/07\/woman-standing-next-to-blue-white-pink-balloons.webp 800w, https:\/\/famicord.lu\/wp-content\/uploads\/2024\/07\/woman-standing-next-to-blue-white-pink-balloons-300x200.webp 300w, https:\/\/famicord.lu\/wp-content\/uploads\/2024\/07\/woman-standing-next-to-blue-white-pink-balloons-768x513.webp 768w, https:\/\/famicord.lu\/wp-content\/uploads\/2024\/07\/woman-standing-next-to-blue-white-pink-balloons-500x334.webp 500w\" sizes=\"(max-width: 800px) 100vw, 800px\" alt=\"woman-standing-next-to-blue-white-pink-balloons\" class=\"h-full w-full object-cover\" width=\"800\" height=\"534\"  loading=\"lazy\" \/>\n\n\t\t\n\t<\/figure>\n\n\n\t\t\n\t\n\n        \n        <p class=\"paragraph--m relative z-10 font-medium text-white group-hover:translate-x-10 group-focus:translate-x-10 transition-transform duration-300 ease-in-out\">Recommandation<\/p>\n\n    <\/a>\n\n        <\/li>\n          <\/ul>\n  <\/section>\n","protected":false},"excerpt":{"rendered":"","protected":false},"author":1,"featured_media":0,"parent":3741,"menu_order":0,"comment_status":"closed","ping_status":"closed","template":"","meta":{"_acf_changed":false,"inline_featured_image":false,"editor_plus_copied_stylings":"{}","footnotes":""},"class_list":["post-3728","page","type-page","status-publish","hentry"],"acf":[],"yoast_head":"<!-- This site is optimized with the Yoast SEO plugin v27.3 - https:\/\/yoast.com\/product\/yoast-seo-wordpress\/ -->\n<title>FamiCord Suisse | Services suppl\u00e9mentaires<\/title>\n<meta name=\"description\" content=\"D\u00e9couvrez nos prestations suppl\u00e9mentaires : options pour jumeaux, clients fid\u00e8les et recommandations \u2013 services exclusifs de FamiCord Suisse.\" \/>\n<meta name=\"robots\" content=\"index, follow, max-snippet:-1, max-image-preview:large, max-video-preview:-1\" \/>\n<link rel=\"canonical\" href=\"https:\/\/famicord.lu\/fr\/offre\/zusaetzliche-leistungen\" \/>\n<meta property=\"og:locale\" content=\"fr_FR\" \/>\n<meta property=\"og:type\" content=\"article\" \/>\n<meta property=\"og:title\" content=\"FamiCord Suisse | Services suppl\u00e9mentaires\" \/>\n<meta property=\"og:description\" content=\"D\u00e9couvrez nos prestations suppl\u00e9mentaires : options pour jumeaux, clients fid\u00e8les et recommandations \u2013 services exclusifs de FamiCord Suisse.\" \/>\n<meta property=\"og:url\" content=\"https:\/\/famicord.lu\/fr\/offre\/zusaetzliche-leistungen\" \/>\n<meta property=\"og:site_name\" content=\"Famicord Suisse\" \/>\n<meta property=\"article:modified_time\" content=\"2025-11-24T14:55:05+00:00\" \/>\n<meta name=\"twitter:card\" content=\"summary_large_image\" \/>\n<script type=\"application\/ld+json\" class=\"yoast-schema-graph\">{\"@context\":\"https:\\\/\\\/schema.org\",\"@graph\":[{\"@type\":\"WebPage\",\"@id\":\"https:\\\/\\\/famicord.lu\\\/fr\\\/offre\\\/zusaetzliche-leistungen\",\"url\":\"https:\\\/\\\/famicord.lu\\\/fr\\\/offre\\\/zusaetzliche-leistungen\",\"name\":\"FamiCord Suisse | Services suppl\u00e9mentaires\",\"isPartOf\":{\"@id\":\"https:\\\/\\\/famicord.lu\\\/fr#website\"},\"datePublished\":\"2024-07-17T08:41:29+00:00\",\"dateModified\":\"2025-11-24T14:55:05+00:00\",\"description\":\"D\u00e9couvrez nos prestations suppl\u00e9mentaires : options pour jumeaux, clients fid\u00e8les et recommandations \u2013 services exclusifs de FamiCord Suisse.\",\"breadcrumb\":{\"@id\":\"https:\\\/\\\/famicord.lu\\\/fr\\\/offre\\\/zusaetzliche-leistungen#breadcrumb\"},\"inLanguage\":\"fr-LU\",\"potentialAction\":[{\"@type\":\"ReadAction\",\"target\":[\"https:\\\/\\\/famicord.lu\\\/fr\\\/offre\\\/zusaetzliche-leistungen\"]}]},{\"@type\":\"BreadcrumbList\",\"@id\":\"https:\\\/\\\/famicord.lu\\\/fr\\\/offre\\\/zusaetzliche-leistungen#breadcrumb\",\"itemListElement\":[{\"@type\":\"ListItem\",\"position\":1,\"name\":\"Home\",\"item\":\"https:\\\/\\\/famicord.lu\\\/fr\"},{\"@type\":\"ListItem\",\"position\":2,\"name\":\"Offre\",\"item\":\"https:\\\/\\\/famicord.lu\\\/fr\\\/offre\"},{\"@type\":\"ListItem\",\"position\":3,\"name\":\"Services suppl\u00e9mentaires\"}]},{\"@type\":\"WebSite\",\"@id\":\"https:\\\/\\\/famicord.lu\\\/fr#website\",\"url\":\"https:\\\/\\\/famicord.lu\\\/fr\",\"name\":\"FamiCord Suisse\",\"description\":\"\",\"potentialAction\":[{\"@type\":\"SearchAction\",\"target\":{\"@type\":\"EntryPoint\",\"urlTemplate\":\"https:\\\/\\\/famicord.lu\\\/fr?s={search_term_string}\"},\"query-input\":{\"@type\":\"PropertyValueSpecification\",\"valueRequired\":true,\"valueName\":\"search_term_string\"}}],\"inLanguage\":\"fr-LU\"}]}<\/script>\n<!-- \/ Yoast SEO plugin. -->","yoast_head_json":{"title":"FamiCord Suisse | Services suppl\u00e9mentaires","description":"D\u00e9couvrez nos prestations suppl\u00e9mentaires : options pour jumeaux, clients fid\u00e8les et recommandations \u2013 services exclusifs de FamiCord Suisse.","robots":{"index":"index","follow":"follow","max-snippet":"max-snippet:-1","max-image-preview":"max-image-preview:large","max-video-preview":"max-video-preview:-1"},"canonical":"https:\/\/famicord.lu\/fr\/offre\/zusaetzliche-leistungen","og_locale":"fr_FR","og_type":"article","og_title":"FamiCord Suisse | Services suppl\u00e9mentaires","og_description":"D\u00e9couvrez nos prestations suppl\u00e9mentaires : options pour jumeaux, clients fid\u00e8les et recommandations \u2013 services exclusifs de FamiCord Suisse.","og_url":"https:\/\/famicord.lu\/fr\/offre\/zusaetzliche-leistungen","og_site_name":"Famicord Suisse","article_modified_time":"2025-11-24T14:55:05+00:00","twitter_card":"summary_large_image","schema":{"@context":"https:\/\/schema.org","@graph":[{"@type":"WebPage","@id":"https:\/\/famicord.lu\/fr\/offre\/zusaetzliche-leistungen","url":"https:\/\/famicord.lu\/fr\/offre\/zusaetzliche-leistungen","name":"FamiCord Suisse | Services suppl\u00e9mentaires","isPartOf":{"@id":"https:\/\/famicord.lu\/fr#website"},"datePublished":"2024-07-17T08:41:29+00:00","dateModified":"2025-11-24T14:55:05+00:00","description":"D\u00e9couvrez nos prestations suppl\u00e9mentaires : options pour jumeaux, clients fid\u00e8les et recommandations \u2013 services exclusifs de FamiCord Suisse.","breadcrumb":{"@id":"https:\/\/famicord.lu\/fr\/offre\/zusaetzliche-leistungen#breadcrumb"},"inLanguage":"fr-LU","potentialAction":[{"@type":"ReadAction","target":["https:\/\/famicord.lu\/fr\/offre\/zusaetzliche-leistungen"]}]},{"@type":"BreadcrumbList","@id":"https:\/\/famicord.lu\/fr\/offre\/zusaetzliche-leistungen#breadcrumb","itemListElement":[{"@type":"ListItem","position":1,"name":"Home","item":"https:\/\/famicord.lu\/fr"},{"@type":"ListItem","position":2,"name":"Offre","item":"https:\/\/famicord.lu\/fr\/offre"},{"@type":"ListItem","position":3,"name":"Services suppl\u00e9mentaires"}]},{"@type":"WebSite","@id":"https:\/\/famicord.lu\/fr#website","url":"https:\/\/famicord.lu\/fr","name":"FamiCord Suisse","description":"","potentialAction":[{"@type":"SearchAction","target":{"@type":"EntryPoint","urlTemplate":"https:\/\/famicord.lu\/fr?s={search_term_string}"},"query-input":{"@type":"PropertyValueSpecification","valueRequired":true,"valueName":"search_term_string"}}],"inLanguage":"fr-LU"}]}},"_links":{"self":[{"href":"https:\/\/famicord.lu\/fr\/wp-json\/wp\/v2\/pages\/3728","targetHints":{"allow":["GET"]}}],"collection":[{"href":"https:\/\/famicord.lu\/fr\/wp-json\/wp\/v2\/pages"}],"about":[{"href":"https:\/\/famicord.lu\/fr\/wp-json\/wp\/v2\/types\/page"}],"author":[{"embeddable":true,"href":"https:\/\/famicord.lu\/fr\/wp-json\/wp\/v2\/users\/1"}],"replies":[{"embeddable":true,"href":"https:\/\/famicord.lu\/fr\/wp-json\/wp\/v2\/comments?post=3728"}],"version-history":[{"count":5,"href":"https:\/\/famicord.lu\/fr\/wp-json\/wp\/v2\/pages\/3728\/revisions"}],"predecessor-version":[{"id":6818,"href":"https:\/\/famicord.lu\/fr\/wp-json\/wp\/v2\/pages\/3728\/revisions\/6818"}],"up":[{"embeddable":true,"href":"https:\/\/famicord.lu\/fr\/wp-json\/wp\/v2\/pages\/3741"}],"wp:attachment":[{"href":"https:\/\/famicord.lu\/fr\/wp-json\/wp\/v2\/media?parent=3728"}],"curies":[{"name":"wp","href":"https:\/\/api.w.org\/{rel}","templated":true}]}}