{"id":3678,"date":"2024-07-17T10:38:36","date_gmt":"2024-07-17T08:38:36","guid":{"rendered":"https:\/\/wordpress-famicord-ch.empressia.dev\/stammzellen\/tatsachen-und-mythen"},"modified":"2025-11-20T13:02:10","modified_gmt":"2025-11-20T12:02:10","slug":"faits","status":"publish","type":"page","link":"https:\/\/famicord.lu\/fr\/cellules-souches\/faits","title":{"rendered":"Faits et informations"},"content":{"rendered":"\n<section class=\"hero flex flex-col justify-center bg-center bg-cover bg-no-repeat py-32 lg:py-48 mb-72 xl:mb-120 relative min-h-[20.5rem] xl:min-h-[26rem]\" style=\"background-image: url(https:\/\/famicord.lu\/wp-content\/uploads\/2024\/07\/default-hero-bg.webp)\">\n\t<div class=\"container items-center\">\n\t\t<h1 class=\"text-center text-blue max-w-[90%] md:max-w-[60%] lg:max-w-[80%] xxl:max-w-1200 mx-auto\">\n\t\t\t\t\t\t\t<span class=\"font-normal break-words\">Faits et informations utiles<\/span>\n\t\t\t\n\t\t\t\t\t\t\t<br\/>\n\t\t\t\n\t\t\t\t\t\t\t<span class=\"font-extralight break-words\"> sur les cellules souches<\/span>\n\t\t\t\t\t<\/h1>\n\t<\/div>\n\n\t<div class=\"absolute left-[-14rem] bottom-[-10.8rem] md:bottom-[-15.8rem] xl:bottom-[-20.3rem]\">\n\t\t<svg width=\"500\" height=\"500\" viewbox=\"0 0 500 500\" fill=\"none\" xmlns=\"http:\/\/www.w3.org\/2000\/svg\" class=\"size-180 md:size-260 xl:size-340\">\n\t\t\t<mask id=\"mask0_1511_27028\" style=\"mask-type:alpha\" maskunits=\"userSpaceOnUse\" x=\"0\" y=\"0\" width=\"500\" height=\"200\">\n\t\t\t\t<rect width=\"500\" height=\"200\" transform=\"matrix(-1 0 0 1 500 0)\" fill=\"#D9D9D9\"\/>\n\t\t\t<\/mask>\n\t\t\t<g mask=\"url(#mask0_1511_27028)\">\n\t\t\t\t<path d=\"M214.686 463.894C166.261 512.319 87.156 511.726 38.731 463.301C-9.69398 414.876 -10.2866 335.771 38.1384 287.346L287.04 38.4443C335.465 -9.98075 414.57 -9.3881 462.995 39.0369C511.42 87.4619 512.013 166.567 463.588 214.992L214.686 463.894Z\" fill=\"#FE6F20\"\/>\n\t\t\t<\/g>\n\t\t\t<path d=\"M214.404 462.612C166.377 510.639 87.7903 509.946 39.7484 461.905C-8.29344 413.863 -8.98578 335.276 39.0413 287.249L287.943 38.3476C335.97 -9.67956 414.556 -8.98719 462.598 39.0547C510.64 87.0966 511.333 165.683 463.305 213.71L214.404 462.612Z\" stroke=\"#FE6F20\" stroke-width=\"2\"\/>\n\t\t<\/svg>\n\t<\/div>\n\n\t<div class=\"absolute right-[-10rem] bottom-[-7.2rem] md:bottom-[-10.4rem] xl:bottom-[-13.6rem]\">\n\t\t<svg width=\"500\" height=\"500\" viewbox=\"0 0 500 500\" fill=\"none\" xmlns=\"http:\/\/www.w3.org\/2000\/svg\" class=\"size-180 md:size-260 xl:size-340\">\n\t\t\t<mask id=\"mask0_1511_27023\" style=\"mask-type:alpha\" maskunits=\"userSpaceOnUse\" x=\"0\" y=\"0\" width=\"500\" height=\"300\">\n\t\t\t\t<rect width=\"500\" height=\"300\" fill=\"#D9D9D9\"\/>\n\t\t\t<\/mask>\n\t\t\t<g mask=\"url(#mask0_1511_27023)\">\n\t\t\t\t<path d=\"M285.622 36.4146C334.047 -12.0104 413.069 -11.5011 461.494 36.9239C509.919 85.349 510.429 164.371 462.004 212.796L213.102 461.697C164.677 510.122 85.6552 509.613 37.2302 461.188C-11.1948 412.763 -11.7041 333.741 36.7209 285.316L285.622 36.4146Z\" fill=\"#1560DA\"\/>\n\t\t\t<\/g>\n\t\t\t<path d=\"M285.596 37.3883C333.623 -10.6388 412.21 -9.94644 460.252 38.0955C508.293 86.1373 508.986 164.724 460.959 212.751L212.057 461.652C164.03 509.68 85.4436 508.987 37.4017 460.945C-10.6402 412.903 -11.3325 334.317 36.6946 286.29L285.596 37.3883Z\" stroke=\"#1560DA\" stroke-width=\"2\"\/>\n\t\t<\/svg>\n\t<\/div>\n<\/section>\n\n\n<section class=\"section-with-heading-and-text section-margin section-margin--small\">\n\t<div class=\"container\">\n\n\t\t\t\t\t\n\t\t\t\n    <h2   class=\"h3 h1 text-blue break-words lg:max-w-[90%] xl:max-w-[98rem]\">\n\n            Informations importantes en bref\n\n    <\/h2>\n\n\t\t\n\t\t\t\t\t\t\t\t<div class=\"mt-24 xl:mt-40 xl:ml-100 space-y-24 lead-paragraph xl:max-w-[78rem]\"><p>Si vous envisagez de prendre du sang de cordon ombilical et de chercher des informations \u00e0 ce sujet sur Internet, vous trouverez certainement beaucoup d&#8217;informations fausses. Pour prendre une d\u00e9cision consciente au sujet du pr\u00e9l\u00e8vement de sang ombilical, veuillez-vous familiariser avec les faits suivants:<\/p>\n<\/div>\n\t\t\n\t<\/div>\n<\/section>\n\n\n  \n\n  \n<section class=\"mixed-content-section alignfull relative  pt-64 pb-24 lg:py-100\">\n                  \n  <div class=\"container  grid grid-cols-1 md:grid-cols-2 xl:grid-cols-[48rem_58rem] items-center md:gap-x-58 lg:gap-x-80 xl:gap-x-100 xxl:gap-x-120 relative xxxl:justify-center\">\n          \n<div class=\"mb-64 m:mb-84 md:mb-0 relative order-1 md:order-2\">\n  <div class=\"absolute top-1\/2 left-1\/2 -translate-x-1\/2 -translate-y-1\/2 text-blue\">\n          <svg xmlns=\"http:\/\/www.w3.org\/2000\/svg\"\n        width=\"731\"\n        height=\"730\"\n        viewbox=\"0 0 731 730\"\n        fill=\"none\"\n        class=\"size-[35rem] m:size-[40rem] lg:size-[55rem] xl:size-[75rem]\">\n        <path d=\"M458.118 682.429C520.211 744.522 620.884 744.522 682.978 682.429C745.071 620.336 745.071 519.662 682.978 457.569L272.995 47.5862C210.902 -14.5072 110.228 -14.5073 48.135 47.5861C-13.9583 109.679 -13.9583 210.353 48.135 272.446L458.118 682.429Z\"\n          stroke=\"#1560DA\"\n          stroke-width=\"2\" \/>\n      <\/svg>\n      <\/div>\n\n  <div class=\"[&#038;_figure]:h-[29rem] lg:[&#038;_figure]:h-[38rem] xl:[&#038;_figure]:h-[48rem] xxl:[&#038;_figure]:h-[60rem] rounded-tr-16 rounded-br-16 rounded-bl-16 overflow-hidden mx-[5%] md:mx-0\">\n                \n\t\n\t\t\n\t\t\t\n\t<figure class=\"overflow-hidden relative z-20 [&#038;_img]:object-contain\">\n\n\t\t\n\t\t\t\t\t\t\t\t\t\t\t\t\n\t\t\t\t\t\t\t\t\t\t\n\t\t\t<img decoding=\"async\" src=\"https:\/\/famicord.lu\/wp-content\/uploads\/2024\/10\/facts_and_myths_1_FR.webp\" srcset=\"https:\/\/famicord.lu\/wp-content\/uploads\/2024\/10\/facts_and_myths_1_FR.webp 961w, https:\/\/famicord.lu\/wp-content\/uploads\/2024\/10\/facts_and_myths_1_FR-300x300.webp 300w, https:\/\/famicord.lu\/wp-content\/uploads\/2024\/10\/facts_and_myths_1_FR-150x150.webp 150w, https:\/\/famicord.lu\/wp-content\/uploads\/2024\/10\/facts_and_myths_1_FR-768x767.webp 768w, https:\/\/famicord.lu\/wp-content\/uploads\/2024\/10\/facts_and_myths_1_FR-500x499.webp 500w\" sizes=\"(max-width: 961px) 100vw, 961px\" alt=\"facts_and_myths_1_FR\" class=\"h-full w-full object-cover\" width=\"961\" height=\"960\"  loading=\"lazy\" \/>\n\n\t\t\n\t<\/figure>\n\n\n\t\t\n\t\n      <\/div>\n<\/div>\n    \n    <div class=\"order-1 space-y-24 xl:space-y-48 md:p-0 flex flex-col\">\n              \n    <h3   class=\"h4 text-blue\">\n\n            Le sang de cordon ombilical est reconnu en tant que m\u00e9thode de traitement\n\n    <\/h3>\n\n      \n              <div class=\"wysiwyg xl:ml-80 xxl:ml-100 xxxl:ml-120 lg:max-w-[38rem] xxxl:max-w-[50rem]\">\n          <p>Les cellules souches issues du sang de cordon ombilical sont d\u00e9j\u00e0 utilis\u00e9es dans le traitement de plus de 80 maladies graves. En 2018, nous avons c\u00e9l\u00e9br\u00e9 le 30e anniversaire de la premi\u00e8re transplantation de sang de cordon. Depuis, plus de 85 000 transplantations ont \u00e9t\u00e9 r\u00e9alis\u00e9es dans le monde.<\/p>\n\n        <\/div>\n      \n          <\/div>\n  <\/div>\n<\/section>\n\n\n  \n\n  \n<section class=\"mixed-content-section alignfull relative  pt-64 pb-24 lg:py-100\">\n                  \n  <div class=\"container  grid grid-cols-1 md:grid-cols-2 xl:grid-cols-[58rem_48rem] items-center md:gap-x-58 lg:gap-x-80 xl:gap-x-100 xxl:gap-x-120 relative xxxl:justify-center\">\n          \n<div class=\"mb-64 m:mb-84 md:mb-0 relative order-1\">\n  <div class=\"absolute top-1\/2 left-1\/2 -translate-x-1\/2 -translate-y-1\/2 text-orange\">\n          <svg xmlns=\"http:\/\/www.w3.org\/2000\/svg\"\n        width=\"731\"\n        height=\"730\"\n        viewbox=\"0 0 731 730\"\n        fill=\"none\"\n        class=\"size-[35rem] m:size-[40rem] lg:size-[55rem] xl:size-[75rem]\">\n        <path d=\"M272.882 682.429C210.789 744.522 110.116 744.522 48.0222 682.429C-14.0712 620.336 -14.0712 519.662 48.0222 457.569L458.005 47.5862C520.098 -14.5072 620.772 -14.5073 682.865 47.5861C744.958 109.679 744.958 210.353 682.865 272.446L272.882 682.429Z\"\n          stroke=\"currentColor\"\n          stroke-width=\"2\" \/>\n      <\/svg>\n      <\/div>\n\n  <div class=\"[&#038;_figure]:h-[29rem] lg:[&#038;_figure]:h-[38rem] xl:[&#038;_figure]:h-[48rem] xxl:[&#038;_figure]:h-[60rem] rounded-tr-16 rounded-br-16 rounded-bl-16 overflow-hidden mx-[5%] md:mx-0\">\n                \n\t\n\t\t\n\t\t\t\n\t<figure class=\"overflow-hidden relative z-20 [&#038;_img]:object-contain\">\n\n\t\t\n\t\t\t\t\t\t\t\t\t\t\t\t\n\t\t\t\t\t\t\t\t\t\t\n\t\t\t<img decoding=\"async\" src=\"https:\/\/famicord.lu\/wp-content\/uploads\/2024\/10\/facts_and_myths_2_FR.webp\" srcset=\"https:\/\/famicord.lu\/wp-content\/uploads\/2024\/10\/facts_and_myths_2_FR.webp 961w, https:\/\/famicord.lu\/wp-content\/uploads\/2024\/10\/facts_and_myths_2_FR-300x300.webp 300w, https:\/\/famicord.lu\/wp-content\/uploads\/2024\/10\/facts_and_myths_2_FR-150x150.webp 150w, https:\/\/famicord.lu\/wp-content\/uploads\/2024\/10\/facts_and_myths_2_FR-768x767.webp 768w, https:\/\/famicord.lu\/wp-content\/uploads\/2024\/10\/facts_and_myths_2_FR-500x499.webp 500w\" sizes=\"(max-width: 961px) 100vw, 961px\" alt=\"facts_and_myths_2_FR\" class=\"h-full w-full object-cover\" width=\"961\" height=\"960\"  loading=\"lazy\" \/>\n\n\t\t\n\t<\/figure>\n\n\n\t\t\n\t\n      <\/div>\n<\/div>\n    \n    <div class=\"order-2 space-y-24 xl:space-y-48 md:p-0 flex flex-col\">\n              \n    <h3   class=\"h4 text-orange\">\n\n            Le sang de cordon ombilical b\u00e9n\u00e9ficie de meilleures capacit\u00e9s r\u00e9g\u00e9n\u00e9ratives que la moelle osseuse\n\n    <\/h3>\n\n      \n              <div class=\"wysiwyg xl:ml-80 xxl:ml-100 xxxl:ml-120 lg:max-w-[38rem] xxxl:max-w-[50rem]\">\n          <p>Les cellules du sang de cordon ombilical b\u00e9n\u00e9ficient d\u2019une capacit\u00e9 r\u00e9g\u00e9n\u00e9rative dix fois sup\u00e9rieure \u00e0 celle des cellules de la moelle osseuse. En outre, elles se caract\u00e9risent par une maturit\u00e9 immunologique plus basse, ainsi leur transplantation entra\u00eene moins de complications chez le receveur (en cas de transplantation allog\u00e8ne, le risque de rejet de la greffe est inf\u00e9rieur).<\/p>\n\n        <\/div>\n      \n          <\/div>\n  <\/div>\n<\/section>\n\n\n  \n\n  \n<section class=\"mixed-content-section alignfull relative  pt-64 pb-24 lg:py-100\">\n                  \n  <div class=\"container  grid grid-cols-1 md:grid-cols-2 xl:grid-cols-[48rem_58rem] items-center md:gap-x-58 lg:gap-x-80 xl:gap-x-100 xxl:gap-x-120 relative xxxl:justify-center\">\n          \n<div class=\"mb-64 m:mb-84 md:mb-0 relative order-1 md:order-2\">\n  <div class=\"absolute top-1\/2 left-1\/2 -translate-x-1\/2 -translate-y-1\/2 text-blue\">\n          <svg xmlns=\"http:\/\/www.w3.org\/2000\/svg\"\n        width=\"731\"\n        height=\"730\"\n        viewbox=\"0 0 731 730\"\n        fill=\"none\"\n        class=\"size-[35rem] m:size-[40rem] lg:size-[55rem] xl:size-[75rem]\">\n        <path d=\"M458.118 682.429C520.211 744.522 620.884 744.522 682.978 682.429C745.071 620.336 745.071 519.662 682.978 457.569L272.995 47.5862C210.902 -14.5072 110.228 -14.5073 48.135 47.5861C-13.9583 109.679 -13.9583 210.353 48.135 272.446L458.118 682.429Z\"\n          stroke=\"#1560DA\"\n          stroke-width=\"2\" \/>\n      <\/svg>\n      <\/div>\n\n  <div class=\"[&#038;_figure]:h-[29rem] lg:[&#038;_figure]:h-[38rem] xl:[&#038;_figure]:h-[48rem] xxl:[&#038;_figure]:h-[60rem] rounded-tr-16 rounded-br-16 rounded-bl-16 overflow-hidden mx-[5%] md:mx-0\">\n                \n\t\n\t\t\n\t\t\t\n\t<figure class=\"overflow-hidden relative z-20 [&#038;_img]:object-contain\">\n\n\t\t\n\t\t\t\t\t\t\t\t\t\t\t\t\n\t\t\t\t\t\t\t\t\t\t\n\t\t\t<img decoding=\"async\" src=\"https:\/\/famicord.lu\/wp-content\/uploads\/2024\/10\/facts_and_myths_3_FR.webp\" srcset=\"https:\/\/famicord.lu\/wp-content\/uploads\/2024\/10\/facts_and_myths_3_FR.webp 961w, https:\/\/famicord.lu\/wp-content\/uploads\/2024\/10\/facts_and_myths_3_FR-300x300.webp 300w, https:\/\/famicord.lu\/wp-content\/uploads\/2024\/10\/facts_and_myths_3_FR-150x150.webp 150w, https:\/\/famicord.lu\/wp-content\/uploads\/2024\/10\/facts_and_myths_3_FR-768x767.webp 768w, https:\/\/famicord.lu\/wp-content\/uploads\/2024\/10\/facts_and_myths_3_FR-500x499.webp 500w\" sizes=\"(max-width: 961px) 100vw, 961px\" alt=\"facts_and_myths_3_FR\" class=\"h-full w-full object-cover\" width=\"961\" height=\"960\"  loading=\"lazy\" \/>\n\n\t\t\n\t<\/figure>\n\n\n\t\t\n\t\n      <\/div>\n<\/div>\n    \n    <div class=\"order-1 space-y-24 xl:space-y-48 md:p-0 flex flex-col\">\n              \n    <h3   class=\"h4 text-blue\">\n\n            La collecte du sang de cordon ombilical n&#8217;affecte pas le d\u00e9roulement de l&#8217;accouchement\n\n    <\/h3>\n\n      \n              <div class=\"wysiwyg xl:ml-80 xxl:ml-100 xxxl:ml-120 lg:max-w-[38rem] xxxl:max-w-[50rem]\">\n          <p>Le pr\u00e9l\u00e8vement du sang de cordon est effectu\u00e9 uniquement apr\u00e8s la coupure du cordon ombilical. La d\u00e9cision concernant le moment o\u00f9 le cordon doit \u00eatre coup\u00e9 est prise par la sage-femme et le m\u00e9decin, en tenant compte des connaissances m\u00e9dicales actuelles, des informations sur le d\u00e9roulement de la grossesse et de l&#8217;accouchement, de l&#8217;\u00e9tat de sant\u00e9 de la m\u00e8re et de l&#8217;enfant, des pr\u00e9f\u00e9rences de la m\u00e8re et des normes en vigueur dans l&#8217;\u00e9tablissement<\/p>\n\n        <\/div>\n      \n          <\/div>\n  <\/div>\n<\/section>\n\n\n  \n\n  \n<section class=\"mixed-content-section alignfull relative mb-56 xl:mb-96 pt-64 pb-24 lg:py-100\">\n                  \n  <div class=\"container  grid grid-cols-1 md:grid-cols-2 xl:grid-cols-[58rem_48rem] items-center md:gap-x-58 lg:gap-x-80 xl:gap-x-100 xxl:gap-x-120 relative xxxl:justify-center\">\n          \n<div class=\"mb-64 m:mb-84 md:mb-0 relative order-1\">\n  <div class=\"absolute top-1\/2 left-1\/2 -translate-x-1\/2 -translate-y-1\/2 text-orange\">\n          <svg xmlns=\"http:\/\/www.w3.org\/2000\/svg\"\n        width=\"731\"\n        height=\"730\"\n        viewbox=\"0 0 731 730\"\n        fill=\"none\"\n        class=\"size-[35rem] m:size-[40rem] lg:size-[55rem] xl:size-[75rem]\">\n        <path d=\"M272.882 682.429C210.789 744.522 110.116 744.522 48.0222 682.429C-14.0712 620.336 -14.0712 519.662 48.0222 457.569L458.005 47.5862C520.098 -14.5072 620.772 -14.5073 682.865 47.5861C744.958 109.679 744.958 210.353 682.865 272.446L272.882 682.429Z\"\n          stroke=\"currentColor\"\n          stroke-width=\"2\" \/>\n      <\/svg>\n      <\/div>\n\n  <div class=\"[&#038;_figure]:h-[29rem] lg:[&#038;_figure]:h-[38rem] xl:[&#038;_figure]:h-[48rem] xxl:[&#038;_figure]:h-[60rem] rounded-tr-16 rounded-br-16 rounded-bl-16 overflow-hidden mx-[5%] md:mx-0\">\n                \n\t\n\t\t\n\t\t\t\n\t<figure class=\"overflow-hidden relative z-20 [&#038;_img]:object-contain\">\n\n\t\t\n\t\t\t\t\t\t\t\t\t\t\t\t\n\t\t\t\t\t\t\t\t\t\t\n\t\t\t<img decoding=\"async\" src=\"https:\/\/famicord.lu\/wp-content\/uploads\/2024\/10\/facts_and_myths_4_FR.webp\" srcset=\"https:\/\/famicord.lu\/wp-content\/uploads\/2024\/10\/facts_and_myths_4_FR.webp 961w, https:\/\/famicord.lu\/wp-content\/uploads\/2024\/10\/facts_and_myths_4_FR-300x300.webp 300w, https:\/\/famicord.lu\/wp-content\/uploads\/2024\/10\/facts_and_myths_4_FR-150x150.webp 150w, https:\/\/famicord.lu\/wp-content\/uploads\/2024\/10\/facts_and_myths_4_FR-768x767.webp 768w, https:\/\/famicord.lu\/wp-content\/uploads\/2024\/10\/facts_and_myths_4_FR-500x499.webp 500w\" sizes=\"(max-width: 961px) 100vw, 961px\" alt=\"facts_and_myths_4_FR\" class=\"h-full w-full object-cover\" width=\"961\" height=\"960\"  loading=\"lazy\" \/>\n\n\t\t\n\t<\/figure>\n\n\n\t\t\n\t\n      <\/div>\n<\/div>\n    \n    <div class=\"order-2 space-y-24 xl:space-y-48 md:p-0 flex flex-col\">\n              \n    <h3   class=\"h4 text-orange\">\n\n            Apr\u00e8s la cong\u00e9lation, les cellules ne perdent pas leurs propri\u00e9t\u00e9s\n\n    <\/h3>\n\n      \n              <div class=\"wysiwyg xl:ml-80 xxl:ml-100 xxxl:ml-120 lg:max-w-[38rem] xxxl:max-w-[50rem]\">\n          <p>Des \u00e9tudes men\u00e9es par des scientifiques am\u00e9ricains ont d\u00e9montr\u00e9 que les cellules souches conservent leurs capacit\u00e9s extraordinaires (prolif\u00e9ration et formation de colonies) apr\u00e8s 29 ans de conservation \u00e0 des temp\u00e9ratures tr\u00e8s basses (-196\u00b0C). Th\u00e9oriquement, les cellules souches peuvent \u00eatre conserv\u00e9es ind\u00e9finiment dans ces conditions avec un agent cryoprotecteur, sans diminution de la qualit\u00e9 des \u00e9chantillons.<\/p>\n\n        <\/div>\n      \n          <\/div>\n  <\/div>\n<\/section>\n","protected":false},"excerpt":{"rendered":"","protected":false},"author":1,"featured_media":0,"parent":3622,"menu_order":0,"comment_status":"closed","ping_status":"closed","template":"","meta":{"_acf_changed":false,"inline_featured_image":false,"editor_plus_copied_stylings":"{}","footnotes":""},"class_list":["post-3678","page","type-page","status-publish","hentry"],"acf":[],"yoast_head":"<!-- This site is optimized with the Yoast SEO plugin v27.3 - https:\/\/yoast.com\/product\/yoast-seo-wordpress\/ -->\n<title>Faits sur les cellules souches du sang de cordon<\/title>\n<meta name=\"description\" content=\"D\u00e9couvrez les faits essentiels : cellules souches du sang de cordon utiles pour plus de 80 maladies, pr\u00e9l\u00e8vement s\u00fbr et conservation fiable.\" \/>\n<meta name=\"robots\" content=\"index, follow, max-snippet:-1, max-image-preview:large, max-video-preview:-1\" \/>\n<link rel=\"canonical\" href=\"https:\/\/famicord.lu\/fr\/cellules-souches\/faits\" \/>\n<meta property=\"og:locale\" content=\"fr_FR\" \/>\n<meta property=\"og:type\" content=\"article\" \/>\n<meta property=\"og:title\" content=\"Faits sur les cellules souches du sang de cordon\" \/>\n<meta property=\"og:description\" content=\"D\u00e9couvrez les faits essentiels : cellules souches du sang de cordon utiles pour plus de 80 maladies, pr\u00e9l\u00e8vement s\u00fbr et conservation fiable.\" \/>\n<meta property=\"og:url\" content=\"https:\/\/famicord.lu\/fr\/cellules-souches\/faits\" \/>\n<meta property=\"og:site_name\" content=\"Famicord Suisse\" \/>\n<meta property=\"article:modified_time\" content=\"2025-11-20T12:02:10+00:00\" \/>\n<meta name=\"twitter:card\" content=\"summary_large_image\" \/>\n<script type=\"application\/ld+json\" class=\"yoast-schema-graph\">{\"@context\":\"https:\\\/\\\/schema.org\",\"@graph\":[{\"@type\":\"WebPage\",\"@id\":\"https:\\\/\\\/famicord.lu\\\/fr\\\/cellules-souches\\\/faits\",\"url\":\"https:\\\/\\\/famicord.lu\\\/fr\\\/cellules-souches\\\/faits\",\"name\":\"Faits sur les cellules souches du sang de cordon\",\"isPartOf\":{\"@id\":\"https:\\\/\\\/famicord.lu\\\/fr#website\"},\"datePublished\":\"2024-07-17T08:38:36+00:00\",\"dateModified\":\"2025-11-20T12:02:10+00:00\",\"description\":\"D\u00e9couvrez les faits essentiels : cellules souches du sang de cordon utiles pour plus de 80 maladies, pr\u00e9l\u00e8vement s\u00fbr et conservation fiable.\",\"breadcrumb\":{\"@id\":\"https:\\\/\\\/famicord.lu\\\/fr\\\/cellules-souches\\\/faits#breadcrumb\"},\"inLanguage\":\"fr-LU\",\"potentialAction\":[{\"@type\":\"ReadAction\",\"target\":[\"https:\\\/\\\/famicord.lu\\\/fr\\\/cellules-souches\\\/faits\"]}]},{\"@type\":\"BreadcrumbList\",\"@id\":\"https:\\\/\\\/famicord.lu\\\/fr\\\/cellules-souches\\\/faits#breadcrumb\",\"itemListElement\":[{\"@type\":\"ListItem\",\"position\":1,\"name\":\"Home\",\"item\":\"https:\\\/\\\/famicord.lu\\\/fr\"},{\"@type\":\"ListItem\",\"position\":2,\"name\":\"Cellules souches\",\"item\":\"https:\\\/\\\/famicord.lu\\\/fr\\\/cellules-souches\"},{\"@type\":\"ListItem\",\"position\":3,\"name\":\"Faits et informations\"}]},{\"@type\":\"WebSite\",\"@id\":\"https:\\\/\\\/famicord.lu\\\/fr#website\",\"url\":\"https:\\\/\\\/famicord.lu\\\/fr\",\"name\":\"FamiCord Suisse\",\"description\":\"\",\"potentialAction\":[{\"@type\":\"SearchAction\",\"target\":{\"@type\":\"EntryPoint\",\"urlTemplate\":\"https:\\\/\\\/famicord.lu\\\/fr?s={search_term_string}\"},\"query-input\":{\"@type\":\"PropertyValueSpecification\",\"valueRequired\":true,\"valueName\":\"search_term_string\"}}],\"inLanguage\":\"fr-LU\"}]}<\/script>\n<!-- \/ Yoast SEO plugin. -->","yoast_head_json":{"title":"Faits sur les cellules souches du sang de cordon","description":"D\u00e9couvrez les faits essentiels : cellules souches du sang de cordon utiles pour plus de 80 maladies, pr\u00e9l\u00e8vement s\u00fbr et conservation fiable.","robots":{"index":"index","follow":"follow","max-snippet":"max-snippet:-1","max-image-preview":"max-image-preview:large","max-video-preview":"max-video-preview:-1"},"canonical":"https:\/\/famicord.lu\/fr\/cellules-souches\/faits","og_locale":"fr_FR","og_type":"article","og_title":"Faits sur les cellules souches du sang de cordon","og_description":"D\u00e9couvrez les faits essentiels : cellules souches du sang de cordon utiles pour plus de 80 maladies, pr\u00e9l\u00e8vement s\u00fbr et conservation fiable.","og_url":"https:\/\/famicord.lu\/fr\/cellules-souches\/faits","og_site_name":"Famicord Suisse","article_modified_time":"2025-11-20T12:02:10+00:00","twitter_card":"summary_large_image","schema":{"@context":"https:\/\/schema.org","@graph":[{"@type":"WebPage","@id":"https:\/\/famicord.lu\/fr\/cellules-souches\/faits","url":"https:\/\/famicord.lu\/fr\/cellules-souches\/faits","name":"Faits sur les cellules souches du sang de cordon","isPartOf":{"@id":"https:\/\/famicord.lu\/fr#website"},"datePublished":"2024-07-17T08:38:36+00:00","dateModified":"2025-11-20T12:02:10+00:00","description":"D\u00e9couvrez les faits essentiels : cellules souches du sang de cordon utiles pour plus de 80 maladies, pr\u00e9l\u00e8vement s\u00fbr et conservation fiable.","breadcrumb":{"@id":"https:\/\/famicord.lu\/fr\/cellules-souches\/faits#breadcrumb"},"inLanguage":"fr-LU","potentialAction":[{"@type":"ReadAction","target":["https:\/\/famicord.lu\/fr\/cellules-souches\/faits"]}]},{"@type":"BreadcrumbList","@id":"https:\/\/famicord.lu\/fr\/cellules-souches\/faits#breadcrumb","itemListElement":[{"@type":"ListItem","position":1,"name":"Home","item":"https:\/\/famicord.lu\/fr"},{"@type":"ListItem","position":2,"name":"Cellules souches","item":"https:\/\/famicord.lu\/fr\/cellules-souches"},{"@type":"ListItem","position":3,"name":"Faits et informations"}]},{"@type":"WebSite","@id":"https:\/\/famicord.lu\/fr#website","url":"https:\/\/famicord.lu\/fr","name":"FamiCord Suisse","description":"","potentialAction":[{"@type":"SearchAction","target":{"@type":"EntryPoint","urlTemplate":"https:\/\/famicord.lu\/fr?s={search_term_string}"},"query-input":{"@type":"PropertyValueSpecification","valueRequired":true,"valueName":"search_term_string"}}],"inLanguage":"fr-LU"}]}},"_links":{"self":[{"href":"https:\/\/famicord.lu\/fr\/wp-json\/wp\/v2\/pages\/3678","targetHints":{"allow":["GET"]}}],"collection":[{"href":"https:\/\/famicord.lu\/fr\/wp-json\/wp\/v2\/pages"}],"about":[{"href":"https:\/\/famicord.lu\/fr\/wp-json\/wp\/v2\/types\/page"}],"author":[{"embeddable":true,"href":"https:\/\/famicord.lu\/fr\/wp-json\/wp\/v2\/users\/1"}],"replies":[{"embeddable":true,"href":"https:\/\/famicord.lu\/fr\/wp-json\/wp\/v2\/comments?post=3678"}],"version-history":[{"count":13,"href":"https:\/\/famicord.lu\/fr\/wp-json\/wp\/v2\/pages\/3678\/revisions"}],"predecessor-version":[{"id":8752,"href":"https:\/\/famicord.lu\/fr\/wp-json\/wp\/v2\/pages\/3678\/revisions\/8752"}],"up":[{"embeddable":true,"href":"https:\/\/famicord.lu\/fr\/wp-json\/wp\/v2\/pages\/3622"}],"wp:attachment":[{"href":"https:\/\/famicord.lu\/fr\/wp-json\/wp\/v2\/media?parent=3678"}],"curies":[{"name":"wp","href":"https:\/\/api.w.org\/{rel}","templated":true}]}}